{"id":139,"date":"2023-03-15T08:23:52","date_gmt":"2023-03-15T07:23:52","guid":{"rendered":"https:\/\/trockenbau-hiller.de\/?page_id=139"},"modified":"2023-06-16T16:16:12","modified_gmt":"2023-06-16T14:16:12","slug":"leistungen","status":"publish","type":"page","link":"https:\/\/trockenbau-hiller.de\/?page_id=139","title":{"rendered":"Leistungen"},"content":{"rendered":"<p>[et_pb_section fb_built=&#8220;1&#8243; _builder_version=&#8220;4.19.4&#8243; _module_preset=&#8220;5691456f-b4ad-4a6a-a9ea-855fc0d1762a&#8220; custom_padding=&#8220;40px||0px||false|false&#8220; global_colors_info=&#8220;{}&#8220; theme_builder_area=&#8220;post_content&#8220;][et_pb_row column_structure=&#8220;1_2,1_2&#8243; _builder_version=&#8220;4.19.4&#8243; _module_preset=&#8220;986a95ea-5f1f-4338-8b48-e81a2e201796&#8243; pac_drh_enable_stacking=&#8220;pac_drh_stack_row pac_drh_stack_tab_mob&#8220; global_colors_info=&#8220;{}&#8220; theme_builder_area=&#8220;post_content&#8220;][et_pb_column type=&#8220;1_2&#8243; _builder_version=&#8220;4.19.4&#8243; _module_preset=&#8220;0ee0cf15-7222-4d01-9b48-4d3ef8456ce8&#8243; pac_drh_add_staking_order_tab=&#8220;pac_drh_order_tab_two&#8220; pac_drh_add_staking_order_mob=&#8220;pac_drh_order_mob_two&#8220; global_colors_info=&#8220;{}&#8220; theme_builder_area=&#8220;post_content&#8220;][et_pb_text _builder_version=&#8220;4.19.4&#8243; _module_preset=&#8220;default&#8220; global_colors_info=&#8220;{}&#8220; theme_builder_area=&#8220;post_content&#8220;]<\/p>\n<h2>Trockenbau HILLER \u2013 Hier sind Sie in guten H\u00e4nden.<\/h2>\n<div class=\"subheadline\">Trockenbau ist das Kerngewerk des Innenausbaus: Ob B\u00fcrosanierung, Ladenumbau, Altbausanierung oder Brandschutz-, Akustik- und Schallschutzarbeiten  \u2013 Wir sind Ihr kompetenter und zuverl\u00e4ssiger Ansprechpartner aus Leipzig f\u00fcr Sachsen, die Region und deutschlandweit.<\/div>\n<p>Wir verstehen Ihre Bed\u00fcrfnisse und erm\u00f6glichen neben erfolgserprobten Standardl\u00f6sungen auch individuelle L\u00f6sungskonzepte, um Ihre Ideen und Pl\u00e4ne zu realisieren. W\u00fcnschen Sie eine Komplettabwicklung, bekommen Sie bei uns alles aus einer Hand:<br \/>\nTrockenbauer, Klempner, Maler, Bodenleger und Elektriker. Wir koordinieren alle ben\u00f6tigten Gewerke vom kontrollierten Abriss bis zur Endreinigung.<\/p>\n<p>Unsere St\u00e4rken sind die Planung, Konzeption und Umsetzung von anspruchsvollen Trockenbausystemen. [\/et_pb_text][\/et_pb_column][et_pb_column type=&#8220;1_2&#8243; _builder_version=&#8220;4.19.4&#8243; _module_preset=&#8220;5a4c7eaf-4fc8-46ba-9c6e-0b877b6d4e24&#8243; pac_drh_add_staking_order_tab=&#8220;pac_drh_order_tab_one&#8220; pac_drh_add_staking_order_mob=&#8220;pac_drh_order_mob_one&#8220; global_colors_info=&#8220;{}&#8220; theme_builder_area=&#8220;post_content&#8220;][et_pb_image src=&#8220;https:\/\/trockenbau-hiller.de\/wp-content\/uploads\/2023\/03\/Projekt-H4.jpg&#8220; title_text=&#8220;Projekt-H4&#8243; _builder_version=&#8220;4.19.4&#8243; _module_preset=&#8220;default&#8220; image_aspect_ratio=&#8220;4\/3&#8243; global_colors_info=&#8220;{}&#8220; theme_builder_area=&#8220;post_content&#8220;][\/et_pb_image][\/et_pb_column][\/et_pb_row][\/et_pb_section]<\/p>\n","protected":false},"excerpt":{"rendered":"<p>Trockenbau HILLER \u2013 Hier sind Sie in guten H\u00e4nden. Trockenbau ist das Kerngewerk des Innenausbaus: Ob B\u00fcrosanierung, Ladenumbau, Altbausanierung oder Brandschutz-, Akustik- und Schallschutzarbeiten \u2013 Wir sind Ihr kompetenter und zuverl\u00e4ssiger Ansprechpartner aus Leipzig f\u00fcr Sachsen, die Region und deutschlandweit. Wir verstehen Ihre Bed\u00fcrfnisse und erm\u00f6glichen neben erfolgserprobten Standardl\u00f6sungen auch individuelle L\u00f6sungskonzepte, um Ihre Ideen [&hellip;]<\/p>\n","protected":false},"author":1,"featured_media":0,"parent":0,"menu_order":0,"comment_status":"closed","ping_status":"closed","template":"","meta":{"_acf_changed":false,"_et_pb_use_builder":"on","_et_pb_old_content":"<!-- wp:divi\/placeholder \/-->","_et_gb_content_width":"","footnotes":""},"class_list":["post-139","page","type-page","status-publish","hentry"],"acf":[],"yoast_head":"<!-- This site is optimized with the Yoast SEO plugin v26.7 - https:\/\/yoast.com\/wordpress\/plugins\/seo\/ -->\n<title>Leistungen von Trockenbau Hiller<\/title>\n<meta name=\"description\" content=\"F\u00fcr B\u00fcrosanierung, Ladenumbau, Altbausanierung und mehr, ist Hiller Ihr zuverl\u00e4ssiger Partner in Leipzig. Erfahren Sie mehr auf unserer Webseite!\" \/>\n<meta name=\"robots\" content=\"index, follow, max-snippet:-1, max-image-preview:large, max-video-preview:-1\" \/>\n<link rel=\"canonical\" href=\"https:\/\/trockenbau-hiller.de\/?page_id=139\" \/>\n<meta property=\"og:locale\" content=\"de_DE\" \/>\n<meta property=\"og:type\" content=\"article\" \/>\n<meta property=\"og:title\" content=\"Leistungen von Trockenbau Hiller\" \/>\n<meta property=\"og:description\" content=\"F\u00fcr B\u00fcrosanierung, Ladenumbau, Altbausanierung und mehr, ist Hiller Ihr zuverl\u00e4ssiger Partner in Leipzig. Erfahren Sie mehr auf unserer Webseite!\" \/>\n<meta property=\"og:url\" content=\"https:\/\/trockenbau-hiller.de\/?page_id=139\" \/>\n<meta property=\"og:site_name\" content=\"Hiller - Trockenbau Branschutz Bauelemente\" \/>\n<meta property=\"article:modified_time\" content=\"2023-06-16T14:16:12+00:00\" \/>\n<meta name=\"twitter:card\" content=\"summary_large_image\" \/>\n<meta name=\"twitter:label1\" content=\"Gesch\u00e4tzte Lesezeit\" \/>\n\t<meta name=\"twitter:data1\" content=\"2\u00a0Minuten\" \/>\n<script type=\"application\/ld+json\" class=\"yoast-schema-graph\">{\"@context\":\"https:\/\/schema.org\",\"@graph\":[{\"@type\":\"WebPage\",\"@id\":\"https:\/\/trockenbau-hiller.de\/?page_id=139\",\"url\":\"https:\/\/trockenbau-hiller.de\/?page_id=139\",\"name\":\"Leistungen von Trockenbau Hiller\",\"isPartOf\":{\"@id\":\"https:\/\/trockenbau-hiller.de\/#website\"},\"datePublished\":\"2023-03-15T07:23:52+00:00\",\"dateModified\":\"2023-06-16T14:16:12+00:00\",\"description\":\"F\u00fcr B\u00fcrosanierung, Ladenumbau, Altbausanierung und mehr, ist Hiller Ihr zuverl\u00e4ssiger Partner in Leipzig. Erfahren Sie mehr auf unserer Webseite!\",\"breadcrumb\":{\"@id\":\"https:\/\/trockenbau-hiller.de\/?page_id=139#breadcrumb\"},\"inLanguage\":\"de\",\"potentialAction\":[{\"@type\":\"ReadAction\",\"target\":[\"https:\/\/trockenbau-hiller.de\/?page_id=139\"]}]},{\"@type\":\"BreadcrumbList\",\"@id\":\"https:\/\/trockenbau-hiller.de\/?page_id=139#breadcrumb\",\"itemListElement\":[{\"@type\":\"ListItem\",\"position\":1,\"name\":\"Startseite\",\"item\":\"https:\/\/trockenbau-hiller.de\/\"},{\"@type\":\"ListItem\",\"position\":2,\"name\":\"Leistungen\"}]},{\"@type\":\"WebSite\",\"@id\":\"https:\/\/trockenbau-hiller.de\/#website\",\"url\":\"https:\/\/trockenbau-hiller.de\/\",\"name\":\"Hiller - Trockenbau Branschutz Bauelemente\",\"description\":\"Trockenbau Leipzig\",\"potentialAction\":[{\"@type\":\"SearchAction\",\"target\":{\"@type\":\"EntryPoint\",\"urlTemplate\":\"https:\/\/trockenbau-hiller.de\/?s={search_term_string}\"},\"query-input\":{\"@type\":\"PropertyValueSpecification\",\"valueRequired\":true,\"valueName\":\"search_term_string\"}}],\"inLanguage\":\"de\"}]}<\/script>\n<!-- \/ Yoast SEO plugin. -->","yoast_head_json":{"title":"Leistungen von Trockenbau Hiller","description":"F\u00fcr B\u00fcrosanierung, Ladenumbau, Altbausanierung und mehr, ist Hiller Ihr zuverl\u00e4ssiger Partner in Leipzig. Erfahren Sie mehr auf unserer Webseite!","robots":{"index":"index","follow":"follow","max-snippet":"max-snippet:-1","max-image-preview":"max-image-preview:large","max-video-preview":"max-video-preview:-1"},"canonical":"https:\/\/trockenbau-hiller.de\/?page_id=139","og_locale":"de_DE","og_type":"article","og_title":"Leistungen von Trockenbau Hiller","og_description":"F\u00fcr B\u00fcrosanierung, Ladenumbau, Altbausanierung und mehr, ist Hiller Ihr zuverl\u00e4ssiger Partner in Leipzig. Erfahren Sie mehr auf unserer Webseite!","og_url":"https:\/\/trockenbau-hiller.de\/?page_id=139","og_site_name":"Hiller - Trockenbau Branschutz Bauelemente","article_modified_time":"2023-06-16T14:16:12+00:00","twitter_card":"summary_large_image","twitter_misc":{"Gesch\u00e4tzte Lesezeit":"2\u00a0Minuten"},"schema":{"@context":"https:\/\/schema.org","@graph":[{"@type":"WebPage","@id":"https:\/\/trockenbau-hiller.de\/?page_id=139","url":"https:\/\/trockenbau-hiller.de\/?page_id=139","name":"Leistungen von Trockenbau Hiller","isPartOf":{"@id":"https:\/\/trockenbau-hiller.de\/#website"},"datePublished":"2023-03-15T07:23:52+00:00","dateModified":"2023-06-16T14:16:12+00:00","description":"F\u00fcr B\u00fcrosanierung, Ladenumbau, Altbausanierung und mehr, ist Hiller Ihr zuverl\u00e4ssiger Partner in Leipzig. Erfahren Sie mehr auf unserer Webseite!","breadcrumb":{"@id":"https:\/\/trockenbau-hiller.de\/?page_id=139#breadcrumb"},"inLanguage":"de","potentialAction":[{"@type":"ReadAction","target":["https:\/\/trockenbau-hiller.de\/?page_id=139"]}]},{"@type":"BreadcrumbList","@id":"https:\/\/trockenbau-hiller.de\/?page_id=139#breadcrumb","itemListElement":[{"@type":"ListItem","position":1,"name":"Startseite","item":"https:\/\/trockenbau-hiller.de\/"},{"@type":"ListItem","position":2,"name":"Leistungen"}]},{"@type":"WebSite","@id":"https:\/\/trockenbau-hiller.de\/#website","url":"https:\/\/trockenbau-hiller.de\/","name":"Hiller - Trockenbau Branschutz Bauelemente","description":"Trockenbau Leipzig","potentialAction":[{"@type":"SearchAction","target":{"@type":"EntryPoint","urlTemplate":"https:\/\/trockenbau-hiller.de\/?s={search_term_string}"},"query-input":{"@type":"PropertyValueSpecification","valueRequired":true,"valueName":"search_term_string"}}],"inLanguage":"de"}]}},"_links":{"self":[{"href":"https:\/\/trockenbau-hiller.de\/index.php?rest_route=\/wp\/v2\/pages\/139","targetHints":{"allow":["GET"]}}],"collection":[{"href":"https:\/\/trockenbau-hiller.de\/index.php?rest_route=\/wp\/v2\/pages"}],"about":[{"href":"https:\/\/trockenbau-hiller.de\/index.php?rest_route=\/wp\/v2\/types\/page"}],"author":[{"embeddable":true,"href":"https:\/\/trockenbau-hiller.de\/index.php?rest_route=\/wp\/v2\/users\/1"}],"replies":[{"embeddable":true,"href":"https:\/\/trockenbau-hiller.de\/index.php?rest_route=%2Fwp%2Fv2%2Fcomments&post=139"}],"version-history":[{"count":5,"href":"https:\/\/trockenbau-hiller.de\/index.php?rest_route=\/wp\/v2\/pages\/139\/revisions"}],"predecessor-version":[{"id":559,"href":"https:\/\/trockenbau-hiller.de\/index.php?rest_route=\/wp\/v2\/pages\/139\/revisions\/559"}],"wp:attachment":[{"href":"https:\/\/trockenbau-hiller.de\/index.php?rest_route=%2Fwp%2Fv2%2Fmedia&parent=139"}],"curies":[{"name":"wp","href":"https:\/\/api.w.org\/{rel}","templated":true}]}}