{"id":141,"date":"2023-03-15T08:24:26","date_gmt":"2023-03-15T07:24:26","guid":{"rendered":"https:\/\/trockenbau-hiller.de\/?page_id=141"},"modified":"2023-06-16T16:17:45","modified_gmt":"2023-06-16T14:17:45","slug":"akustik-und-schallschutz","status":"publish","type":"page","link":"https:\/\/trockenbau-hiller.de\/?page_id=141","title":{"rendered":"Akustik und Schallschutz"},"content":{"rendered":"<p>[et_pb_section fb_built=&#8220;1&#8243; _builder_version=&#8220;4.19.4&#8243; _module_preset=&#8220;5691456f-b4ad-4a6a-a9ea-855fc0d1762a&#8220; global_colors_info=&#8220;{}&#8220; theme_builder_area=&#8220;post_content&#8220;][et_pb_row column_structure=&#8220;1_2,1_2&#8243; _builder_version=&#8220;4.19.4&#8243; _module_preset=&#8220;986a95ea-5f1f-4338-8b48-e81a2e201796&#8243; pac_drh_enable_stacking=&#8220;pac_drh_stack_row pac_drh_stack_tab_mob&#8220; global_colors_info=&#8220;{}&#8220; theme_builder_area=&#8220;post_content&#8220;][et_pb_column type=&#8220;1_2&#8243; _builder_version=&#8220;4.19.4&#8243; _module_preset=&#8220;0ee0cf15-7222-4d01-9b48-4d3ef8456ce8&#8243; pac_drh_add_staking_order_tab=&#8220;pac_drh_order_tab_two&#8220; pac_drh_add_staking_order_mob=&#8220;pac_drh_order_mob_two&#8220; global_colors_info=&#8220;{}&#8220; theme_builder_area=&#8220;post_content&#8220;][et_pb_text _builder_version=&#8220;4.19.4&#8243; _module_preset=&#8220;637e9e69-3fcc-4b84-a886-305909b230bc&#8220; global_colors_info=&#8220;{}&#8220; theme_builder_area=&#8220;post_content&#8220;]<\/p>\n<h2>L\u00e4rmquelle ermitteln und L\u00f6sungen finden<\/h2>\n<div class=\"subheadline\">Ruhiges und konzentriertes Arbeiten sind bei erh\u00f6htem L\u00e4rmpegel und ungehemmter Schallausbreitung zum Beispiel durch Gespr\u00e4che auf dem Gang, im Nachbarb\u00fcro oder im Ladengesch\u00e4ft unm\u00f6glich.<\/div>\n<p>Die schlechte Raumakustik \u2013 vor allem in Gro\u00dfraumb\u00fcros \u2013 zieht nicht nur ein schlechtes Arbeitsklima nach sich, sondern vermittelt auch ein unangenehmes Raumgef\u00fchl, in dem sich Ihre Kunden nicht l\u00e4nger aufhalten m\u00f6chten.<\/p>\n<p>Stra\u00dfenl\u00e4rm und st\u00f6rende Ger\u00e4usche aus der Nachbarwohnung beeintr\u00e4chtigen aber auch das Wohlbefinden in den eigenen vier W\u00e4nden und k\u00f6nnen zu gesundheitlichen Sch\u00e4den wie psychischen Stress f\u00fchren.<\/p>\n<p>Wir ermitteln die L\u00e4rmquelle und erarbeiten gemeinsam mit Ihnen akustische L\u00f6sungen, die Ihren Anforderungen und aktuellen technischen und gesetzlichen Regelungen entsprechen. Die Trockenbauweise bietet kreative Gestaltungsm\u00f6glichkeiten, um Wandfl\u00e4chen mit Akkustikelementen zur Schallreduzierung auszustatten. [\/et_pb_text][\/et_pb_column][et_pb_column type=&#8220;1_2&#8243; _builder_version=&#8220;4.19.4&#8243; _module_preset=&#8220;5a4c7eaf-4fc8-46ba-9c6e-0b877b6d4e24&#8243; pac_drh_add_staking_order_tab=&#8220;pac_drh_order_tab_one&#8220; pac_drh_add_staking_order_mob=&#8220;pac_drh_order_mob_one&#8220; global_colors_info=&#8220;{}&#8220; theme_builder_area=&#8220;post_content&#8220;][et_pb_image src=&#8220;https:\/\/trockenbau-hiller.de\/wp-content\/uploads\/2023\/03\/HILLER-Projekte-2-von-1-1-768&#215;512-1.jpg&#8220; title_text=&#8220;HILLER-Projekte-2-von-1-1-768&#215;512&#8243; _builder_version=&#8220;4.19.4&#8243; _module_preset=&#8220;default&#8220; image_aspect_ratio=&#8220;4\/3&#8243; global_colors_info=&#8220;{}&#8220; theme_builder_area=&#8220;post_content&#8220;][\/et_pb_image][\/et_pb_column][\/et_pb_row][\/et_pb_section][et_pb_section fb_built=&#8220;1&#8243; _builder_version=&#8220;4.20.4&#8243; _module_preset=&#8220;default&#8220; global_colors_info=&#8220;{}&#8220; theme_builder_area=&#8220;post_content&#8220;][et_pb_row _builder_version=&#8220;4.20.4&#8243; _module_preset=&#8220;default&#8220; global_colors_info=&#8220;{}&#8220; theme_builder_area=&#8220;post_content&#8220;][et_pb_column type=&#8220;4_4&#8243; _builder_version=&#8220;4.20.4&#8243; _module_preset=&#8220;default&#8220; global_colors_info=&#8220;{}&#8220; theme_builder_area=&#8220;post_content&#8220;][difl_justifiedgallery gallery=&#8220;276,275,273,128,130,129,126,125,124,122,121,120,119,118,114,112,110,98,86,82,75,74,87,88,80,97,96,95,94,93&#8243; _builder_version=&#8220;4.20.4&#8243; _module_preset=&#8220;de5df2ea-8d1c-461e-b606-63a7b72d0d5a&#8220; hover_enabled=&#8220;0&#8243; global_colors_info=&#8220;{}&#8220; theme_builder_area=&#8220;post_content&#8220; sticky_enabled=&#8220;0&#8243;][\/difl_justifiedgallery][\/et_pb_column][\/et_pb_row][\/et_pb_section][et_pb_section fb_built=&#8220;1&#8243; _builder_version=&#8220;4.19.4&#8243; _module_preset=&#8220;default&#8220; background_color=&#8220;#F9F9F9&#8243; global_colors_info=&#8220;{}&#8220; theme_builder_area=&#8220;post_content&#8220;][et_pb_row _builder_version=&#8220;4.19.4&#8243; _module_preset=&#8220;default&#8220; global_colors_info=&#8220;{}&#8220; theme_builder_area=&#8220;post_content&#8220;][et_pb_column type=&#8220;4_4&#8243; _builder_version=&#8220;4.19.4&#8243; _module_preset=&#8220;default&#8220; global_colors_info=&#8220;{}&#8220; theme_builder_area=&#8220;post_content&#8220;][et_pb_text _builder_version=&#8220;4.19.4&#8243; _module_preset=&#8220;default&#8220; text_orientation=&#8220;center&#8220; global_colors_info=&#8220;{}&#8220; theme_builder_area=&#8220;post_content&#8220;]<\/p>\n<h2>L\u00e4rmschutz M\u00f6glichkeiten:<\/h2>\n<p>[\/et_pb_text][\/et_pb_column][\/et_pb_row][et_pb_row column_structure=&#8220;1_3,1_3,1_3&#8243; _builder_version=&#8220;4.19.4&#8243; _module_preset=&#8220;c64c8041-38e8-4d15-9c37-3c8bf9306dec&#8220; global_colors_info=&#8220;{}&#8220; theme_builder_area=&#8220;post_content&#8220;][et_pb_column type=&#8220;1_3&#8243; _builder_version=&#8220;4.19.4&#8243; _module_preset=&#8220;e0465f73-097c-4686-845d-791565e77485&#8243; global_colors_info=&#8220;{}&#8220; theme_builder_area=&#8220;post_content&#8220;][et_pb_toggle title=&#8220;Wandabsorber&#8220; _builder_version=&#8220;4.19.4&#8243; _module_preset=&#8220;e43e105e-dd0d-4186-87bb-7f0e16d23cc8&#8243; global_colors_info=&#8220;{}&#8220; theme_builder_area=&#8220;post_content&#8220;]Die dekorativen Akustikelemente reduzieren den Nachhall in R\u00e4umen und verbessern Raumakustik und Sprachverst\u00e4ndlichkeit.[\/et_pb_toggle][\/et_pb_column][et_pb_column type=&#8220;1_3&#8243; _builder_version=&#8220;4.19.4&#8243; _module_preset=&#8220;e0465f73-097c-4686-845d-791565e77485&#8243; global_colors_info=&#8220;{}&#8220; theme_builder_area=&#8220;post_content&#8220;][et_pb_toggle title=&#8220;Deckensegel&#8220; _builder_version=&#8220;4.19.4&#8243; _module_preset=&#8220;e43e105e-dd0d-4186-87bb-7f0e16d23cc8&#8243; global_colors_info=&#8220;{}&#8220; theme_builder_area=&#8220;post_content&#8220;]Die frei im Raum schwebenden Akustikelemente werden besonders in den Bereichen eingesetzt, bei denen auf gute Schallabsorption und ansprechende Optik Wert gelegt wird.[\/et_pb_toggle][\/et_pb_column][et_pb_column type=&#8220;1_3&#8243; _builder_version=&#8220;4.19.4&#8243; _module_preset=&#8220;e0465f73-097c-4686-845d-791565e77485&#8243; global_colors_info=&#8220;{}&#8220; theme_builder_area=&#8220;post_content&#8220;][et_pb_toggle title=&#8220;Schallschutzb\u00f6den&#8220; _builder_version=&#8220;4.19.4&#8243; _module_preset=&#8220;e43e105e-dd0d-4186-87bb-7f0e16d23cc8&#8243; global_colors_info=&#8220;{}&#8220; theme_builder_area=&#8220;post_content&#8220;]Entscheidend f\u00fcr den L\u00e4rm- und Trittschallpegel sind der Bodenaufbau und die H\u00e4rte des Bodenbelags. Schalld\u00e4mmung im Boden l\u00e4sst sich mit verschiedenen Materialien und Unterkonstruktionen realisieren.[\/et_pb_toggle][\/et_pb_column][\/et_pb_row][et_pb_row column_structure=&#8220;1_3,1_3,1_3&#8243; _builder_version=&#8220;4.19.4&#8243; _module_preset=&#8220;c64c8041-38e8-4d15-9c37-3c8bf9306dec&#8220; global_colors_info=&#8220;{}&#8220; theme_builder_area=&#8220;post_content&#8220;][et_pb_column type=&#8220;1_3&#8243; _builder_version=&#8220;4.19.4&#8243; _module_preset=&#8220;e0465f73-097c-4686-845d-791565e77485&#8243; global_colors_info=&#8220;{}&#8220; theme_builder_area=&#8220;post_content&#8220;][et_pb_toggle title=&#8220;Schallschutzw\u00e4nde&#8220; _builder_version=&#8220;4.19.4&#8243; _module_preset=&#8220;e43e105e-dd0d-4186-87bb-7f0e16d23cc8&#8243; global_colors_info=&#8220;{}&#8220; theme_builder_area=&#8220;post_content&#8220;]Im Vergleich zu Massivbauw\u00e4nden sind sie nicht nur einfacher und flexibler zu montieren, sondern sch\u00fctzen B\u00fcro- und Wohnr\u00e4ume besonders wirksam gegen L\u00e4rm von au\u00dfen oder nebenan. Schon durch den Einsatz von Gipskartonw\u00e4nden kann das Schalld\u00e4mm-Ma\u00df bis zu 72 dB erreicht werden. Dar\u00fcber hinaus bieten Schallschutzw\u00e4nde sehr gute Brandschutzeigenschaften.[\/et_pb_toggle][\/et_pb_column][et_pb_column type=&#8220;1_3&#8243; _builder_version=&#8220;4.19.4&#8243; _module_preset=&#8220;e0465f73-097c-4686-845d-791565e77485&#8243; global_colors_info=&#8220;{}&#8220; theme_builder_area=&#8220;post_content&#8220;][et_pb_toggle title=&#8220;Schallschutzdecken&#8220; _builder_version=&#8220;4.19.4&#8243; _module_preset=&#8220;e43e105e-dd0d-4186-87bb-7f0e16d23cc8&#8243; global_colors_info=&#8220;{}&#8220; theme_builder_area=&#8220;post_content&#8220;]Der Einsatz von Schallschutz- und Akustikdecken ist besonders dann empfehlenswert, wenn die Nachhallzeit in hohen R\u00e4umen reduziert und die Raumakustik \u00fcber zwei Stockwerke hinweg verbessert werden sollen. Bedruckbare MF-Decken (Mineralfaser) stellen eine kosteng\u00fcnstige und optisch attraktive M\u00f6glichkeit dar.[\/et_pb_toggle][\/et_pb_column][et_pb_column type=&#8220;1_3&#8243; _builder_version=&#8220;4.19.4&#8243; _module_preset=&#8220;default&#8220; global_colors_info=&#8220;{}&#8220; theme_builder_area=&#8220;post_content&#8220;][dsm_perspective_image _builder_version=&#8220;4.19.4&#8243; _module_preset=&#8220;default&#8220; global_colors_info=&#8220;{}&#8220; theme_builder_area=&#8220;post_content&#8220;][\/dsm_perspective_image][\/et_pb_column][\/et_pb_row][\/et_pb_section]<\/p>\n","protected":false},"excerpt":{"rendered":"<p>L\u00e4rmquelle ermitteln und L\u00f6sungen finden Ruhiges und konzentriertes Arbeiten sind bei erh\u00f6htem L\u00e4rmpegel und ungehemmter Schallausbreitung zum Beispiel durch Gespr\u00e4che auf dem Gang, im Nachbarb\u00fcro oder im Ladengesch\u00e4ft unm\u00f6glich. Die schlechte Raumakustik \u2013 vor allem in Gro\u00dfraumb\u00fcros \u2013 zieht nicht nur ein schlechtes Arbeitsklima nach sich, sondern vermittelt auch ein unangenehmes Raumgef\u00fchl, in dem sich [&hellip;]<\/p>\n","protected":false},"author":1,"featured_media":0,"parent":139,"menu_order":0,"comment_status":"closed","ping_status":"closed","template":"","meta":{"_acf_changed":false,"_et_pb_use_builder":"on","_et_pb_old_content":"<!-- wp:divi\/placeholder \/-->","_et_gb_content_width":"","footnotes":""},"class_list":["post-141","page","type-page","status-publish","hentry"],"acf":[],"yoast_head":"<!-- This site is optimized with the Yoast SEO plugin v26.7 - https:\/\/yoast.com\/wordpress\/plugins\/seo\/ -->\n<title>Akustik &amp; Schallschutz: L\u00e4rmquellen eliminieren mit Hiller Trockenbau<\/title>\n<meta name=\"description\" content=\"Mit Hiller verbessern Sie die Akustik und den Schallschutz Ihrer R\u00e4ume. Lassen Sie uns gemeinsam L\u00e4rmquellen eliminieren. Besuchen Sie unsere Webseite!\" \/>\n<meta name=\"robots\" content=\"index, follow, max-snippet:-1, max-image-preview:large, max-video-preview:-1\" \/>\n<link rel=\"canonical\" href=\"https:\/\/trockenbau-hiller.de\/?page_id=141\" \/>\n<meta property=\"og:locale\" content=\"de_DE\" \/>\n<meta property=\"og:type\" content=\"article\" \/>\n<meta property=\"og:title\" content=\"Akustik &amp; Schallschutz: L\u00e4rmquellen eliminieren mit Hiller Trockenbau\" \/>\n<meta property=\"og:description\" content=\"Mit Hiller verbessern Sie die Akustik und den Schallschutz Ihrer R\u00e4ume. Lassen Sie uns gemeinsam L\u00e4rmquellen eliminieren. Besuchen Sie unsere Webseite!\" \/>\n<meta property=\"og:url\" content=\"https:\/\/trockenbau-hiller.de\/?page_id=141\" \/>\n<meta property=\"og:site_name\" content=\"Hiller - Trockenbau Branschutz Bauelemente\" \/>\n<meta property=\"article:modified_time\" content=\"2023-06-16T14:17:45+00:00\" \/>\n<meta name=\"twitter:card\" content=\"summary_large_image\" \/>\n<meta name=\"twitter:label1\" content=\"Gesch\u00e4tzte Lesezeit\" \/>\n\t<meta name=\"twitter:data1\" content=\"6\u00a0Minuten\" \/>\n<script type=\"application\/ld+json\" class=\"yoast-schema-graph\">{\"@context\":\"https:\/\/schema.org\",\"@graph\":[{\"@type\":\"WebPage\",\"@id\":\"https:\/\/trockenbau-hiller.de\/?page_id=141\",\"url\":\"https:\/\/trockenbau-hiller.de\/?page_id=141\",\"name\":\"Akustik & Schallschutz: L\u00e4rmquellen eliminieren mit Hiller Trockenbau\",\"isPartOf\":{\"@id\":\"https:\/\/trockenbau-hiller.de\/#website\"},\"datePublished\":\"2023-03-15T07:24:26+00:00\",\"dateModified\":\"2023-06-16T14:17:45+00:00\",\"description\":\"Mit Hiller verbessern Sie die Akustik und den Schallschutz Ihrer R\u00e4ume. Lassen Sie uns gemeinsam L\u00e4rmquellen eliminieren. Besuchen Sie unsere Webseite!\",\"breadcrumb\":{\"@id\":\"https:\/\/trockenbau-hiller.de\/?page_id=141#breadcrumb\"},\"inLanguage\":\"de\",\"potentialAction\":[{\"@type\":\"ReadAction\",\"target\":[\"https:\/\/trockenbau-hiller.de\/?page_id=141\"]}]},{\"@type\":\"BreadcrumbList\",\"@id\":\"https:\/\/trockenbau-hiller.de\/?page_id=141#breadcrumb\",\"itemListElement\":[{\"@type\":\"ListItem\",\"position\":1,\"name\":\"Startseite\",\"item\":\"https:\/\/trockenbau-hiller.de\/\"},{\"@type\":\"ListItem\",\"position\":2,\"name\":\"Leistungen\",\"item\":\"https:\/\/trockenbau-hiller.de\/?page_id=139\"},{\"@type\":\"ListItem\",\"position\":3,\"name\":\"Akustik und Schallschutz\"}]},{\"@type\":\"WebSite\",\"@id\":\"https:\/\/trockenbau-hiller.de\/#website\",\"url\":\"https:\/\/trockenbau-hiller.de\/\",\"name\":\"Hiller - Trockenbau Branschutz Bauelemente\",\"description\":\"Trockenbau Leipzig\",\"potentialAction\":[{\"@type\":\"SearchAction\",\"target\":{\"@type\":\"EntryPoint\",\"urlTemplate\":\"https:\/\/trockenbau-hiller.de\/?s={search_term_string}\"},\"query-input\":{\"@type\":\"PropertyValueSpecification\",\"valueRequired\":true,\"valueName\":\"search_term_string\"}}],\"inLanguage\":\"de\"}]}<\/script>\n<!-- \/ Yoast SEO plugin. -->","yoast_head_json":{"title":"Akustik & Schallschutz: L\u00e4rmquellen eliminieren mit Hiller Trockenbau","description":"Mit Hiller verbessern Sie die Akustik und den Schallschutz Ihrer R\u00e4ume. Lassen Sie uns gemeinsam L\u00e4rmquellen eliminieren. Besuchen Sie unsere Webseite!","robots":{"index":"index","follow":"follow","max-snippet":"max-snippet:-1","max-image-preview":"max-image-preview:large","max-video-preview":"max-video-preview:-1"},"canonical":"https:\/\/trockenbau-hiller.de\/?page_id=141","og_locale":"de_DE","og_type":"article","og_title":"Akustik & Schallschutz: L\u00e4rmquellen eliminieren mit Hiller Trockenbau","og_description":"Mit Hiller verbessern Sie die Akustik und den Schallschutz Ihrer R\u00e4ume. Lassen Sie uns gemeinsam L\u00e4rmquellen eliminieren. Besuchen Sie unsere Webseite!","og_url":"https:\/\/trockenbau-hiller.de\/?page_id=141","og_site_name":"Hiller - Trockenbau Branschutz Bauelemente","article_modified_time":"2023-06-16T14:17:45+00:00","twitter_card":"summary_large_image","twitter_misc":{"Gesch\u00e4tzte Lesezeit":"6\u00a0Minuten"},"schema":{"@context":"https:\/\/schema.org","@graph":[{"@type":"WebPage","@id":"https:\/\/trockenbau-hiller.de\/?page_id=141","url":"https:\/\/trockenbau-hiller.de\/?page_id=141","name":"Akustik & Schallschutz: L\u00e4rmquellen eliminieren mit Hiller Trockenbau","isPartOf":{"@id":"https:\/\/trockenbau-hiller.de\/#website"},"datePublished":"2023-03-15T07:24:26+00:00","dateModified":"2023-06-16T14:17:45+00:00","description":"Mit Hiller verbessern Sie die Akustik und den Schallschutz Ihrer R\u00e4ume. Lassen Sie uns gemeinsam L\u00e4rmquellen eliminieren. Besuchen Sie unsere Webseite!","breadcrumb":{"@id":"https:\/\/trockenbau-hiller.de\/?page_id=141#breadcrumb"},"inLanguage":"de","potentialAction":[{"@type":"ReadAction","target":["https:\/\/trockenbau-hiller.de\/?page_id=141"]}]},{"@type":"BreadcrumbList","@id":"https:\/\/trockenbau-hiller.de\/?page_id=141#breadcrumb","itemListElement":[{"@type":"ListItem","position":1,"name":"Startseite","item":"https:\/\/trockenbau-hiller.de\/"},{"@type":"ListItem","position":2,"name":"Leistungen","item":"https:\/\/trockenbau-hiller.de\/?page_id=139"},{"@type":"ListItem","position":3,"name":"Akustik und Schallschutz"}]},{"@type":"WebSite","@id":"https:\/\/trockenbau-hiller.de\/#website","url":"https:\/\/trockenbau-hiller.de\/","name":"Hiller - Trockenbau Branschutz Bauelemente","description":"Trockenbau Leipzig","potentialAction":[{"@type":"SearchAction","target":{"@type":"EntryPoint","urlTemplate":"https:\/\/trockenbau-hiller.de\/?s={search_term_string}"},"query-input":{"@type":"PropertyValueSpecification","valueRequired":true,"valueName":"search_term_string"}}],"inLanguage":"de"}]}},"_links":{"self":[{"href":"https:\/\/trockenbau-hiller.de\/index.php?rest_route=\/wp\/v2\/pages\/141","targetHints":{"allow":["GET"]}}],"collection":[{"href":"https:\/\/trockenbau-hiller.de\/index.php?rest_route=\/wp\/v2\/pages"}],"about":[{"href":"https:\/\/trockenbau-hiller.de\/index.php?rest_route=\/wp\/v2\/types\/page"}],"author":[{"embeddable":true,"href":"https:\/\/trockenbau-hiller.de\/index.php?rest_route=\/wp\/v2\/users\/1"}],"replies":[{"embeddable":true,"href":"https:\/\/trockenbau-hiller.de\/index.php?rest_route=%2Fwp%2Fv2%2Fcomments&post=141"}],"version-history":[{"count":5,"href":"https:\/\/trockenbau-hiller.de\/index.php?rest_route=\/wp\/v2\/pages\/141\/revisions"}],"predecessor-version":[{"id":553,"href":"https:\/\/trockenbau-hiller.de\/index.php?rest_route=\/wp\/v2\/pages\/141\/revisions\/553"}],"up":[{"embeddable":true,"href":"https:\/\/trockenbau-hiller.de\/index.php?rest_route=\/wp\/v2\/pages\/139"}],"wp:attachment":[{"href":"https:\/\/trockenbau-hiller.de\/index.php?rest_route=%2Fwp%2Fv2%2Fmedia&parent=141"}],"curies":[{"name":"wp","href":"https:\/\/api.w.org\/{rel}","templated":true}]}}