{"id":143,"date":"2023-03-15T08:24:49","date_gmt":"2023-03-15T07:24:49","guid":{"rendered":"https:\/\/trockenbau-hiller.de\/?page_id=143"},"modified":"2023-06-16T16:20:05","modified_gmt":"2023-06-16T14:20:05","slug":"sanierung-modernisierung","status":"publish","type":"page","link":"https:\/\/trockenbau-hiller.de\/?page_id=143","title":{"rendered":"Sanierung und Modernisierung"},"content":{"rendered":"<p>[et_pb_section fb_built=&#8220;1&#8243; _builder_version=&#8220;4.19.4&#8243; _module_preset=&#8220;5691456f-b4ad-4a6a-a9ea-855fc0d1762a&#8220; global_colors_info=&#8220;{}&#8220; theme_builder_area=&#8220;post_content&#8220;][et_pb_row column_structure=&#8220;1_2,1_2&#8243; _builder_version=&#8220;4.19.4&#8243; _module_preset=&#8220;986a95ea-5f1f-4338-8b48-e81a2e201796&#8243; pac_drh_enable_stacking=&#8220;pac_drh_stack_row pac_drh_stack_tab_mob&#8220; global_colors_info=&#8220;{}&#8220; theme_builder_area=&#8220;post_content&#8220;][et_pb_column type=&#8220;1_2&#8243; _builder_version=&#8220;4.19.4&#8243; _module_preset=&#8220;0ee0cf15-7222-4d01-9b48-4d3ef8456ce8&#8243; pac_drh_add_staking_order_tab=&#8220;pac_drh_order_tab_two&#8220; pac_drh_add_staking_order_mob=&#8220;pac_drh_order_mob_two&#8220; global_colors_info=&#8220;{}&#8220; theme_builder_area=&#8220;post_content&#8220;][et_pb_text _builder_version=&#8220;4.19.4&#8243; _module_preset=&#8220;default&#8220; global_colors_info=&#8220;{}&#8220; theme_builder_area=&#8220;post_content&#8220;]<\/p>\n<h2>Trockenbau erm\u00f6glicht Vielseitige L\u00f6sungen<\/h2>\n<div class=\"subheadline\">Trockenbau kann sowohl bei Neu- und Umbauten als auch bei Sanierungen oder Nutzungs\u00e4nderungen angewendet werden.<\/div>\n<p>Wird der Charme Ihres Wohn- oder Gesch\u00e4ftsgeb\u00e4udes durch Alterserscheinungen oder eventuell vorangegangene Baus\u00fcnden getr\u00fcbt, steigern wir durch die fachgerechte Sanierung und Modernisierung die Wohnqualit\u00e4t, den Wert und die wirtschaftliche Verwertbarkeit Ihres Objekts.<\/p>\n<p>Nach der Modernisierung ist Ihre Immobilie auf dem aktuellen Stand allgemeiner Standards hinsichtlich W\u00e4rme- und Schalld\u00e4mmung, Energieeffizienz und Brandschutz.<\/p>\n<p>[\/et_pb_text][\/et_pb_column][et_pb_column type=&#8220;1_2&#8243; _builder_version=&#8220;4.19.4&#8243; _module_preset=&#8220;5a4c7eaf-4fc8-46ba-9c6e-0b877b6d4e24&#8243; pac_drh_add_staking_order_tab=&#8220;pac_drh_order_tab_one&#8220; pac_drh_add_staking_order_mob=&#8220;pac_drh_order_mob_one&#8220; global_colors_info=&#8220;{}&#8220; theme_builder_area=&#8220;post_content&#8220;][et_pb_image src=&#8220;https:\/\/trockenbau-hiller.de\/wp-content\/uploads\/2023\/03\/Projekt-H7.jpg&#8220; title_text=&#8220;15&#8243; _builder_version=&#8220;4.20.4&#8243; _module_preset=&#8220;default&#8220; hover_enabled=&#8220;0&#8243; image_aspect_ratio=&#8220;4\/3&#8243; global_colors_info=&#8220;{}&#8220; theme_builder_area=&#8220;post_content&#8220; sticky_enabled=&#8220;0&#8243;][\/et_pb_image][\/et_pb_column][\/et_pb_row][\/et_pb_section][et_pb_section fb_built=&#8220;1&#8243; theme_builder_area=&#8220;post_content&#8220; _builder_version=&#8220;4.20.4&#8243; _module_preset=&#8220;default&#8220;][et_pb_row _builder_version=&#8220;4.20.4&#8243; _module_preset=&#8220;default&#8220; theme_builder_area=&#8220;post_content&#8220;][et_pb_column _builder_version=&#8220;4.20.4&#8243; _module_preset=&#8220;default&#8220; type=&#8220;4_4&#8243; theme_builder_area=&#8220;post_content&#8220;][difl_justifiedgallery _builder_version=&#8220;4.20.4&#8243; _module_preset=&#8220;de5df2ea-8d1c-461e-b606-63a7b72d0d5a&#8220; theme_builder_area=&#8220;post_content&#8220; global_colors_info=&#8220;{}&#8220; hover_enabled=&#8220;0&#8243; sticky_enabled=&#8220;0&#8243; gallery=&#8220;109,108,106,79,78,77,76&#8243;][\/difl_justifiedgallery][\/et_pb_column][\/et_pb_row][\/et_pb_section][et_pb_section fb_built=&#8220;1&#8243; _builder_version=&#8220;4.19.4&#8243; _module_preset=&#8220;default&#8220; background_color=&#8220;#F9F9F9&#8243; global_colors_info=&#8220;{}&#8220; theme_builder_area=&#8220;post_content&#8220;][et_pb_row column_structure=&#8220;1_3,1_3,1_3&#8243; _builder_version=&#8220;4.19.4&#8243; _module_preset=&#8220;c64c8041-38e8-4d15-9c37-3c8bf9306dec&#8220; global_colors_info=&#8220;{}&#8220; theme_builder_area=&#8220;post_content&#8220;][et_pb_column type=&#8220;1_3&#8243; _builder_version=&#8220;4.19.4&#8243; _module_preset=&#8220;e0465f73-097c-4686-845d-791565e77485&#8243; global_colors_info=&#8220;{}&#8220; theme_builder_area=&#8220;post_content&#8220;][et_pb_toggle title=&#8220;Unterhangdecken&#8220; _builder_version=&#8220;4.19.4&#8243; _module_preset=&#8220;e43e105e-dd0d-4186-87bb-7f0e16d23cc8&#8243; global_colors_info=&#8220;{%22gcid-e755efca-f93f-4267-ba63-741e3e9e0600%22:%91%22open_toggle_text_color%22%93}&#8220; theme_builder_area=&#8220;post_content&#8220;]<\/p>\n<p>Nach dem kontrollierten R\u00fcckbau lassen sich schnell und unkompliziert Mineralfaser-, Gipskarton- oder Blechdecken (und viele weitere Deckenarten) aus unterschiedlichen Materialien und Formen abh\u00e4ngen. Die Deckenkonstruktionen erf\u00fcllen verschiedene Funktionen, z. B. als Brandschutz-, Akustik-, Unterhang- oder Lichtdecken und verschiedene andere Nutzungsarten. Indirekte Beleuchtung wird besonders dann genutzt, wenn eine attraktivere Raumoptik erreicht werden soll.<\/p>\n<p><strong>Profi-Tipp:<\/strong> Die niedrigere Raumh\u00f6he spart zudem Heizkosten und wirkt sich positiv auf das Raumklima aus.<\/p>\n<p>[\/et_pb_toggle][\/et_pb_column][et_pb_column type=&#8220;1_3&#8243; _builder_version=&#8220;4.19.4&#8243; _module_preset=&#8220;e0465f73-097c-4686-845d-791565e77485&#8243; global_colors_info=&#8220;{}&#8220; theme_builder_area=&#8220;post_content&#8220;][et_pb_toggle title=&#8220;Trennw\u00e4nde&#8220; _builder_version=&#8220;4.19.4&#8243; _module_preset=&#8220;e43e105e-dd0d-4186-87bb-7f0e16d23cc8&#8243; global_colors_info=&#8220;{%22gcid-e755efca-f93f-4267-ba63-741e3e9e0600%22:%91%22open_toggle_text_color%22%93}&#8220; theme_builder_area=&#8220;post_content&#8220;]<\/p>\n<p>Auch ohne schwere Arbeitsger\u00e4te und unabh\u00e4ngig von statischen Konstruktionen wird durch das Versetzen oder Erg\u00e4nzen von W\u00e4nden eine moderne Raumaufteilung nach den n\u00f6tigen Anforderungen geschaffen. Auch nach dem Umbau k\u00f6nnen die R\u00e4ume jederzeit neu gestaltet und auf aktuelle Bed\u00fcrfnisse angepasst werden.<\/p>\n<p><strong>Profi-Tipp:<\/strong> Im Gegensatz zum traditionellen Mauerbau bietet der Trockenbau sehr viel mehr Flexibilit\u00e4t, ist meist g\u00fcnstiger und aufgrund der geringen Baufeuchte schneller zu realisieren. So sparen Sie Zeit und Geld.<\/p>\n<p>[\/et_pb_toggle][\/et_pb_column][et_pb_column type=&#8220;1_3&#8243; _builder_version=&#8220;4.19.4&#8243; _module_preset=&#8220;e0465f73-097c-4686-845d-791565e77485&#8243; global_colors_info=&#8220;{}&#8220; theme_builder_area=&#8220;post_content&#8220;][et_pb_image src=&#8220;https:\/\/trockenbau-hiller.de\/wp-content\/uploads\/2023\/03\/Projekt-F3.jpg&#8220; title_text=&#8220;Projekt-F3&#8243; show_in_lightbox=&#8220;on&#8220; _builder_version=&#8220;4.20.4&#8243; _module_preset=&#8220;b154dc00-f4a5-4e84-ae5b-475ecbc0efb3&#8243; hover_enabled=&#8220;0&#8243; image_aspect_ratio=&#8220;16\/9&#8243; global_colors_info=&#8220;{}&#8220; theme_builder_area=&#8220;post_content&#8220; disabled_on=&#8220;on|on|on&#8220; disabled=&#8220;on&#8220; sticky_enabled=&#8220;0&#8243;][\/et_pb_image][et_pb_toggle title=&#8220;Verkleidungen&#8220; _builder_version=&#8220;4.19.4&#8243; _module_preset=&#8220;e43e105e-dd0d-4186-87bb-7f0e16d23cc8&#8243; global_colors_info=&#8220;{%22gcid-e755efca-f93f-4267-ba63-741e3e9e0600%22:%91%22open_toggle_text_color%22%93}&#8220; theme_builder_area=&#8220;post_content&#8220;]<\/p>\n<p>Mit Trockenbau-Verkleidungen werden ungenutzte Nischen, Heizungsrohre und Boiler versteckt, sodass nicht nur die Optik verbessert, sondern auch die vorhandene Raumkapazit\u00e4t optimal genutzt werden. Vor allem im Altbau m\u00fcssen solche Ver- und Entsorgungsleitungen nachger\u00fcstet und in Trockenbauw\u00e4nde integriert werden.<\/p>\n<p>[\/et_pb_toggle][\/et_pb_column][\/et_pb_row][\/et_pb_section]<\/p>\n","protected":false},"excerpt":{"rendered":"<p>Trockenbau erm\u00f6glicht Vielseitige L\u00f6sungen Trockenbau kann sowohl bei Neu- und Umbauten als auch bei Sanierungen oder Nutzungs\u00e4nderungen angewendet werden. Wird der Charme Ihres Wohn- oder Gesch\u00e4ftsgeb\u00e4udes durch Alterserscheinungen oder eventuell vorangegangene Baus\u00fcnden getr\u00fcbt, steigern wir durch die fachgerechte Sanierung und Modernisierung die Wohnqualit\u00e4t, den Wert und die wirtschaftliche Verwertbarkeit Ihres Objekts. Nach der Modernisierung ist [&hellip;]<\/p>\n","protected":false},"author":1,"featured_media":0,"parent":139,"menu_order":0,"comment_status":"closed","ping_status":"closed","template":"","meta":{"_acf_changed":false,"_et_pb_use_builder":"on","_et_pb_old_content":"","_et_gb_content_width":"","footnotes":""},"class_list":["post-143","page","type-page","status-publish","hentry"],"acf":[],"yoast_head":"<!-- This site is optimized with the Yoast SEO plugin v26.7 - https:\/\/yoast.com\/wordpress\/plugins\/seo\/ -->\n<title>Sanierung &amp; Modernisierung durch Hiller: Trockenbau mit Vielseitigkeit<\/title>\n<meta name=\"description\" content=\"Steigern Sie den Wert Ihrer Immobilie mit Hiller. Unsere Sanierung und Modernisierung erf\u00fcllt aktuelle Standards. Besuchen Sie unsere Webseite!\" \/>\n<meta name=\"robots\" content=\"index, follow, max-snippet:-1, max-image-preview:large, max-video-preview:-1\" \/>\n<link rel=\"canonical\" href=\"https:\/\/trockenbau-hiller.de\/?page_id=143\" \/>\n<meta property=\"og:locale\" content=\"de_DE\" \/>\n<meta property=\"og:type\" content=\"article\" \/>\n<meta property=\"og:title\" content=\"Sanierung &amp; Modernisierung durch Hiller: Trockenbau mit Vielseitigkeit\" \/>\n<meta property=\"og:description\" content=\"Steigern Sie den Wert Ihrer Immobilie mit Hiller. Unsere Sanierung und Modernisierung erf\u00fcllt aktuelle Standards. Besuchen Sie unsere Webseite!\" \/>\n<meta property=\"og:url\" content=\"https:\/\/trockenbau-hiller.de\/?page_id=143\" \/>\n<meta property=\"og:site_name\" content=\"Hiller - Trockenbau Branschutz Bauelemente\" \/>\n<meta property=\"article:modified_time\" content=\"2023-06-16T14:20:05+00:00\" \/>\n<meta name=\"twitter:card\" content=\"summary_large_image\" \/>\n<meta name=\"twitter:label1\" content=\"Gesch\u00e4tzte Lesezeit\" \/>\n\t<meta name=\"twitter:data1\" content=\"5\u00a0Minuten\" \/>\n<script type=\"application\/ld+json\" class=\"yoast-schema-graph\">{\"@context\":\"https:\/\/schema.org\",\"@graph\":[{\"@type\":\"WebPage\",\"@id\":\"https:\/\/trockenbau-hiller.de\/?page_id=143\",\"url\":\"https:\/\/trockenbau-hiller.de\/?page_id=143\",\"name\":\"Sanierung & Modernisierung durch Hiller: Trockenbau mit Vielseitigkeit\",\"isPartOf\":{\"@id\":\"https:\/\/trockenbau-hiller.de\/#website\"},\"datePublished\":\"2023-03-15T07:24:49+00:00\",\"dateModified\":\"2023-06-16T14:20:05+00:00\",\"description\":\"Steigern Sie den Wert Ihrer Immobilie mit Hiller. Unsere Sanierung und Modernisierung erf\u00fcllt aktuelle Standards. Besuchen Sie unsere Webseite!\",\"breadcrumb\":{\"@id\":\"https:\/\/trockenbau-hiller.de\/?page_id=143#breadcrumb\"},\"inLanguage\":\"de\",\"potentialAction\":[{\"@type\":\"ReadAction\",\"target\":[\"https:\/\/trockenbau-hiller.de\/?page_id=143\"]}]},{\"@type\":\"BreadcrumbList\",\"@id\":\"https:\/\/trockenbau-hiller.de\/?page_id=143#breadcrumb\",\"itemListElement\":[{\"@type\":\"ListItem\",\"position\":1,\"name\":\"Startseite\",\"item\":\"https:\/\/trockenbau-hiller.de\/\"},{\"@type\":\"ListItem\",\"position\":2,\"name\":\"Leistungen\",\"item\":\"https:\/\/trockenbau-hiller.de\/?page_id=139\"},{\"@type\":\"ListItem\",\"position\":3,\"name\":\"Sanierung und Modernisierung\"}]},{\"@type\":\"WebSite\",\"@id\":\"https:\/\/trockenbau-hiller.de\/#website\",\"url\":\"https:\/\/trockenbau-hiller.de\/\",\"name\":\"Hiller - Trockenbau Branschutz Bauelemente\",\"description\":\"Trockenbau Leipzig\",\"potentialAction\":[{\"@type\":\"SearchAction\",\"target\":{\"@type\":\"EntryPoint\",\"urlTemplate\":\"https:\/\/trockenbau-hiller.de\/?s={search_term_string}\"},\"query-input\":{\"@type\":\"PropertyValueSpecification\",\"valueRequired\":true,\"valueName\":\"search_term_string\"}}],\"inLanguage\":\"de\"}]}<\/script>\n<!-- \/ Yoast SEO plugin. -->","yoast_head_json":{"title":"Sanierung & Modernisierung durch Hiller: Trockenbau mit Vielseitigkeit","description":"Steigern Sie den Wert Ihrer Immobilie mit Hiller. Unsere Sanierung und Modernisierung erf\u00fcllt aktuelle Standards. Besuchen Sie unsere Webseite!","robots":{"index":"index","follow":"follow","max-snippet":"max-snippet:-1","max-image-preview":"max-image-preview:large","max-video-preview":"max-video-preview:-1"},"canonical":"https:\/\/trockenbau-hiller.de\/?page_id=143","og_locale":"de_DE","og_type":"article","og_title":"Sanierung & Modernisierung durch Hiller: Trockenbau mit Vielseitigkeit","og_description":"Steigern Sie den Wert Ihrer Immobilie mit Hiller. Unsere Sanierung und Modernisierung erf\u00fcllt aktuelle Standards. Besuchen Sie unsere Webseite!","og_url":"https:\/\/trockenbau-hiller.de\/?page_id=143","og_site_name":"Hiller - Trockenbau Branschutz Bauelemente","article_modified_time":"2023-06-16T14:20:05+00:00","twitter_card":"summary_large_image","twitter_misc":{"Gesch\u00e4tzte Lesezeit":"5\u00a0Minuten"},"schema":{"@context":"https:\/\/schema.org","@graph":[{"@type":"WebPage","@id":"https:\/\/trockenbau-hiller.de\/?page_id=143","url":"https:\/\/trockenbau-hiller.de\/?page_id=143","name":"Sanierung & Modernisierung durch Hiller: Trockenbau mit Vielseitigkeit","isPartOf":{"@id":"https:\/\/trockenbau-hiller.de\/#website"},"datePublished":"2023-03-15T07:24:49+00:00","dateModified":"2023-06-16T14:20:05+00:00","description":"Steigern Sie den Wert Ihrer Immobilie mit Hiller. Unsere Sanierung und Modernisierung erf\u00fcllt aktuelle Standards. Besuchen Sie unsere Webseite!","breadcrumb":{"@id":"https:\/\/trockenbau-hiller.de\/?page_id=143#breadcrumb"},"inLanguage":"de","potentialAction":[{"@type":"ReadAction","target":["https:\/\/trockenbau-hiller.de\/?page_id=143"]}]},{"@type":"BreadcrumbList","@id":"https:\/\/trockenbau-hiller.de\/?page_id=143#breadcrumb","itemListElement":[{"@type":"ListItem","position":1,"name":"Startseite","item":"https:\/\/trockenbau-hiller.de\/"},{"@type":"ListItem","position":2,"name":"Leistungen","item":"https:\/\/trockenbau-hiller.de\/?page_id=139"},{"@type":"ListItem","position":3,"name":"Sanierung und Modernisierung"}]},{"@type":"WebSite","@id":"https:\/\/trockenbau-hiller.de\/#website","url":"https:\/\/trockenbau-hiller.de\/","name":"Hiller - Trockenbau Branschutz Bauelemente","description":"Trockenbau Leipzig","potentialAction":[{"@type":"SearchAction","target":{"@type":"EntryPoint","urlTemplate":"https:\/\/trockenbau-hiller.de\/?s={search_term_string}"},"query-input":{"@type":"PropertyValueSpecification","valueRequired":true,"valueName":"search_term_string"}}],"inLanguage":"de"}]}},"_links":{"self":[{"href":"https:\/\/trockenbau-hiller.de\/index.php?rest_route=\/wp\/v2\/pages\/143","targetHints":{"allow":["GET"]}}],"collection":[{"href":"https:\/\/trockenbau-hiller.de\/index.php?rest_route=\/wp\/v2\/pages"}],"about":[{"href":"https:\/\/trockenbau-hiller.de\/index.php?rest_route=\/wp\/v2\/types\/page"}],"author":[{"embeddable":true,"href":"https:\/\/trockenbau-hiller.de\/index.php?rest_route=\/wp\/v2\/users\/1"}],"replies":[{"embeddable":true,"href":"https:\/\/trockenbau-hiller.de\/index.php?rest_route=%2Fwp%2Fv2%2Fcomments&post=143"}],"version-history":[{"count":5,"href":"https:\/\/trockenbau-hiller.de\/index.php?rest_route=\/wp\/v2\/pages\/143\/revisions"}],"predecessor-version":[{"id":516,"href":"https:\/\/trockenbau-hiller.de\/index.php?rest_route=\/wp\/v2\/pages\/143\/revisions\/516"}],"up":[{"embeddable":true,"href":"https:\/\/trockenbau-hiller.de\/index.php?rest_route=\/wp\/v2\/pages\/139"}],"wp:attachment":[{"href":"https:\/\/trockenbau-hiller.de\/index.php?rest_route=%2Fwp%2Fv2%2Fmedia&parent=143"}],"curies":[{"name":"wp","href":"https:\/\/api.w.org\/{rel}","templated":true}]}}