{"id":151,"date":"2023-03-15T08:27:44","date_gmt":"2023-03-15T07:27:44","guid":{"rendered":"https:\/\/trockenbau-hiller.de\/?page_id=151"},"modified":"2023-06-16T16:19:01","modified_gmt":"2023-06-16T14:19:01","slug":"buero-ladenbau","status":"publish","type":"page","link":"https:\/\/trockenbau-hiller.de\/?page_id=151","title":{"rendered":"B\u00fcro- &#038; Ladenbau"},"content":{"rendered":"<p>[et_pb_section fb_built=&#8220;1&#8243; _builder_version=&#8220;4.19.4&#8243; _module_preset=&#8220;5691456f-b4ad-4a6a-a9ea-855fc0d1762a&#8220; global_colors_info=&#8220;{}&#8220; theme_builder_area=&#8220;post_content&#8220;][et_pb_row column_structure=&#8220;1_2,1_2&#8243; _builder_version=&#8220;4.19.4&#8243; _module_preset=&#8220;986a95ea-5f1f-4338-8b48-e81a2e201796&#8243; pac_drh_enable_stacking=&#8220;pac_drh_stack_row pac_drh_stack_tab_mob&#8220; global_colors_info=&#8220;{}&#8220; theme_builder_area=&#8220;post_content&#8220;][et_pb_column type=&#8220;1_2&#8243; _builder_version=&#8220;4.19.4&#8243; _module_preset=&#8220;0ee0cf15-7222-4d01-9b48-4d3ef8456ce8&#8243; pac_drh_add_staking_order_tab=&#8220;pac_drh_order_tab_two&#8220; pac_drh_add_staking_order_mob=&#8220;pac_drh_order_mob_two&#8220; global_colors_info=&#8220;{}&#8220; theme_builder_area=&#8220;post_content&#8220;][et_pb_text _builder_version=&#8220;4.19.4&#8243; _module_preset=&#8220;637e9e69-3fcc-4b84-a886-305909b230bc&#8220; global_colors_info=&#8220;{}&#8220; theme_builder_area=&#8220;post_content&#8220;]<\/p>\n<h2>Optimale Raumnutzung und angenehme Arbeitsatmosph\u00e4re im B\u00fcro<\/h2>\n<div class=\"subheadline\">Klagen Ihre Mitarbeiter \u00fcber Konzentrationsschwierigkeiten durch eine zu hohe Lautst\u00e4rke im B\u00fcro, \u00fcber zu kleine R\u00e4ume oder fehlende Raumstrukturen f\u00fcr Konferenzen?<\/div>\n<p>Wir konzipieren eine sinnvolle Raumaufteilung, montieren schallsch\u00fctzende Raum-in-Raum-Systeme, setzen Akustikelemente zur Schalld\u00e4mmung ein und schaffen helle und freundliche B\u00fcros mit angenehmer Arbeitsatmosph\u00e4re. Denn zufriedene Mitarbeiter sind produktiver.[\/et_pb_text][\/et_pb_column][et_pb_column type=&#8220;1_2&#8243; _builder_version=&#8220;4.19.4&#8243; _module_preset=&#8220;5a4c7eaf-4fc8-46ba-9c6e-0b877b6d4e24&#8243; pac_drh_add_staking_order_tab=&#8220;pac_drh_order_tab_one&#8220; pac_drh_add_staking_order_mob=&#8220;pac_drh_order_mob_one&#8220; global_colors_info=&#8220;{}&#8220; theme_builder_area=&#8220;post_content&#8220;][et_pb_image src=&#8220;https:\/\/trockenbau-hiller.de\/wp-content\/uploads\/2023\/03\/Projekt-H5.jpg&#8220; title_text=&#8220;Projekt-H5&#8243; _builder_version=&#8220;4.19.4&#8243; _module_preset=&#8220;default&#8220; image_aspect_ratio=&#8220;4\/3&#8243; global_colors_info=&#8220;{}&#8220; theme_builder_area=&#8220;post_content&#8220;][\/et_pb_image][\/et_pb_column][\/et_pb_row][\/et_pb_section][et_pb_section fb_built=&#8220;1&#8243; _builder_version=&#8220;4.19.4&#8243; _module_preset=&#8220;5691456f-b4ad-4a6a-a9ea-855fc0d1762a&#8220; background_enable_image=&#8220;off&#8220; global_colors_info=&#8220;{}&#8220; theme_builder_area=&#8220;post_content&#8220;][et_pb_row column_structure=&#8220;1_2,1_2&#8243; _builder_version=&#8220;4.19.4&#8243; _module_preset=&#8220;986a95ea-5f1f-4338-8b48-e81a2e201796&#8243; global_colors_info=&#8220;{}&#8220; theme_builder_area=&#8220;post_content&#8220;][et_pb_column type=&#8220;1_2&#8243; _builder_version=&#8220;4.19.4&#8243; _module_preset=&#8220;5a4c7eaf-4fc8-46ba-9c6e-0b877b6d4e24&#8243; pac_drh_add_staking_order_tab=&#8220;pac_drh_order_tab_one&#8220; pac_drh_add_staking_order_mob=&#8220;pac_drh_order_mob_one&#8220; global_colors_info=&#8220;{}&#8220; theme_builder_area=&#8220;post_content&#8220;][et_pb_image src=&#8220;https:\/\/trockenbau-hiller.de\/wp-content\/uploads\/2023\/03\/ladenbau.jpg&#8220; title_text=&#8220;ladenbau&#8220; _builder_version=&#8220;4.19.4&#8243; _module_preset=&#8220;default&#8220; image_aspect_ratio=&#8220;4\/3&#8243; global_colors_info=&#8220;{}&#8220; theme_builder_area=&#8220;post_content&#8220;][\/et_pb_image][\/et_pb_column][et_pb_column type=&#8220;1_2&#8243; _builder_version=&#8220;4.19.4&#8243; _module_preset=&#8220;0ee0cf15-7222-4d01-9b48-4d3ef8456ce8&#8243; pac_drh_add_staking_order_tab=&#8220;pac_drh_order_tab_two&#8220; pac_drh_add_staking_order_mob=&#8220;pac_drh_order_mob_two&#8220; global_colors_info=&#8220;{}&#8220; theme_builder_area=&#8220;post_content&#8220;][et_pb_text _builder_version=&#8220;4.19.4&#8243; _module_preset=&#8220;637e9e69-3fcc-4b84-a886-305909b230bc&#8220; global_colors_info=&#8220;{}&#8220; theme_builder_area=&#8220;post_content&#8220;]<\/p>\n<h2>Einladendes Ladenkonzept mit modernen Gestaltungselementen und optimierter Raumkapazit\u00e4t<\/h2>\n<div class=\"subheadline\">Ist Ihr Ladengesch\u00e4ft zu klein, wird die Raumkapazit\u00e4t nicht optimal genutzt oder bemerken Sie immer wieder st\u00f6rende Hintergrundger\u00e4usche?<\/div>\n<p>Wir lassen einen einladenden und modernen Verkaufsraum mit gekonnten Farbakzenten entstehen, in dem sich Ihre Kunden wohlf\u00fchlen und sich Zeit f\u00fcr Ihr Sortiment nehmen. Denn mit einem harmonischen Ladenkonzept steigern Sie Ihren Umsatz.[\/et_pb_text][\/et_pb_column][\/et_pb_row][\/et_pb_section][et_pb_section fb_built=&#8220;1&#8243; _builder_version=&#8220;4.19.4&#8243; _module_preset=&#8220;_initial&#8220; custom_margin=&#8220;0px||||false|false&#8220; custom_padding=&#8220;0px||5px||false|false&#8220; global_colors_info=&#8220;{}&#8220; theme_builder_area=&#8220;post_content&#8220;][et_pb_row _builder_version=&#8220;4.19.4&#8243; _module_preset=&#8220;default&#8220; custom_padding=&#8220;9px|||||&#8220; global_colors_info=&#8220;{}&#8220; theme_builder_area=&#8220;post_content&#8220;][et_pb_column type=&#8220;4_4&#8243; _builder_version=&#8220;4.19.4&#8243; _module_preset=&#8220;default&#8220; global_colors_info=&#8220;{}&#8220; theme_builder_area=&#8220;post_content&#8220;][et_pb_text _builder_version=&#8220;4.19.4&#8243; _module_preset=&#8220;default&#8220; quote_font=&#8220;Tilt Warp|||on|||||&#8220; quote_font_size=&#8220;20px&#8220; quote_line_height=&#8220;1.5em&#8220; global_colors_info=&#8220;{}&#8220; theme_builder_area=&#8220;post_content&#8220;]<\/p>\n<blockquote>\n<p>Trockenbau erm\u00f6glicht vielf\u00e4ltige Anwendungsm\u00f6glichkeiten: ob Sanierung, Renovierung, Modernisierung oder Umbau.<\/p>\n<\/blockquote>\n<p>[\/et_pb_text][\/et_pb_column][\/et_pb_row][\/et_pb_section][et_pb_section fb_built=&#8220;1&#8243; theme_builder_area=&#8220;post_content&#8220; _builder_version=&#8220;4.20.4&#8243; _module_preset=&#8220;default&#8220;][et_pb_row _builder_version=&#8220;4.20.4&#8243; _module_preset=&#8220;default&#8220; theme_builder_area=&#8220;post_content&#8220;][et_pb_column _builder_version=&#8220;4.20.4&#8243; _module_preset=&#8220;default&#8220; type=&#8220;4_4&#8243; theme_builder_area=&#8220;post_content&#8220;][difl_justifiedgallery _builder_version=&#8220;4.20.4&#8243; _module_preset=&#8220;de5df2ea-8d1c-461e-b606-63a7b72d0d5a&#8220; theme_builder_area=&#8220;post_content&#8220; gallery=&#8220;223,224,136,132,421&#8243; hover_enabled=&#8220;0&#8243; sticky_enabled=&#8220;0&#8243;][\/difl_justifiedgallery][\/et_pb_column][\/et_pb_row][\/et_pb_section][et_pb_section fb_built=&#8220;1&#8243; _builder_version=&#8220;4.19.4&#8243; _module_preset=&#8220;default&#8220; background_color=&#8220;#F9F9F9&#8243; global_colors_info=&#8220;{}&#8220; theme_builder_area=&#8220;post_content&#8220;][et_pb_row _builder_version=&#8220;4.19.4&#8243; _module_preset=&#8220;default&#8220; global_colors_info=&#8220;{}&#8220; theme_builder_area=&#8220;post_content&#8220;][et_pb_column type=&#8220;4_4&#8243; _builder_version=&#8220;4.19.4&#8243; _module_preset=&#8220;default&#8220; global_colors_info=&#8220;{}&#8220; theme_builder_area=&#8220;post_content&#8220;][et_pb_text _builder_version=&#8220;4.19.4&#8243; _module_preset=&#8220;default&#8220; text_orientation=&#8220;center&#8220; global_colors_info=&#8220;{}&#8220; theme_builder_area=&#8220;post_content&#8220;]<\/p>\n<h2>Vorteile von Deckenabh\u00e4ngungen, Trockenbauw\u00e4nden und Verkleidungen auf einen Blick:<\/h2>\n<p>[\/et_pb_text][\/et_pb_column][\/et_pb_row][et_pb_row column_structure=&#8220;1_3,1_3,1_3&#8243; _builder_version=&#8220;4.19.4&#8243; _module_preset=&#8220;c64c8041-38e8-4d15-9c37-3c8bf9306dec&#8220; global_colors_info=&#8220;{}&#8220; theme_builder_area=&#8220;post_content&#8220;][et_pb_column type=&#8220;1_3&#8243; _builder_version=&#8220;4.19.4&#8243; _module_preset=&#8220;e0465f73-097c-4686-845d-791565e77485&#8243; global_colors_info=&#8220;{}&#8220; theme_builder_area=&#8220;post_content&#8220;][et_pb_toggle title=&#8220;Optik&#8220; _builder_version=&#8220;4.19.4&#8243; _module_preset=&#8220;e43e105e-dd0d-4186-87bb-7f0e16d23cc8&#8243; global_colors_info=&#8220;{}&#8220; theme_builder_area=&#8220;post_content&#8220;]<\/p>\n<p><strong>Heizungsrohre, ungenutzte Nischen und elektrische Leitungen werden hinter Decken- und Wandverkleidungen versteckt,<\/strong> sodass ein harmonischer Gesamteindruck entsteht.<\/p>\n<p>In einer attraktiven und modernen Raumoptik herrscht eine einladende und freundliche Atmosph\u00e4re, in der sich Ihre Kunden gern aufhalten und Mitarbeiter konzentriert arbeiten.<\/p>\n<p>[\/et_pb_toggle][\/et_pb_column][et_pb_column type=&#8220;1_3&#8243; _builder_version=&#8220;4.19.4&#8243; _module_preset=&#8220;e0465f73-097c-4686-845d-791565e77485&#8243; global_colors_info=&#8220;{}&#8220; theme_builder_area=&#8220;post_content&#8220;][et_pb_toggle title=&#8220;Akustik&#8220; _builder_version=&#8220;4.19.4&#8243; _module_preset=&#8220;e43e105e-dd0d-4186-87bb-7f0e16d23cc8&#8243; global_colors_info=&#8220;{}&#8220; theme_builder_area=&#8220;post_content&#8220;]<\/p>\n<p><strong>Zus\u00e4tzliche W\u00e4nde und Verkleidungen<\/strong> werden auch zur Schalld\u00e4mmung eingesetzt.<\/p>\n<p>St\u00f6rende Ger\u00e4usche aus dem benachbarten B\u00fcro geh\u00f6ren zur Vergangenheit, wodurch konzentriertes und ruhiges Arbeiten m\u00f6glich sind.<\/p>\n<p>Durch den Einsatz von Akustikelementen wird die Schallausbreitung auch im Verkaufsraum ged\u00e4mmt, sodass Ihre Kunden gern l\u00e4nger verweilen.<\/p>\n<p>[\/et_pb_toggle][\/et_pb_column][et_pb_column type=&#8220;1_3&#8243; _builder_version=&#8220;4.19.4&#8243; _module_preset=&#8220;e0465f73-097c-4686-845d-791565e77485&#8243; global_colors_info=&#8220;{}&#8220; theme_builder_area=&#8220;post_content&#8220;][et_pb_toggle title=&#8220;Raumstruktur&#8220; _builder_version=&#8220;4.19.4&#8243; _module_preset=&#8220;e43e105e-dd0d-4186-87bb-7f0e16d23cc8&#8243; global_colors_info=&#8220;{}&#8220; theme_builder_area=&#8220;post_content&#8220;]<\/p>\n<p><strong>Die Neuaufteilung von R\u00e4umen,<\/strong> ein gr\u00f6\u00dferer Besprechungsraum und eine sinnvolle Raumstruktur sind mithilfe der Trockenbauweise schnell umzusetzen. Sie bietet sich auch f\u00fcr die Einrichtung einer K\u00fcche oder einer Sanit\u00e4rzelle in Ladengesch\u00e4ften an.<\/p>\n<p>[\/et_pb_toggle][\/et_pb_column][\/et_pb_row][et_pb_row column_structure=&#8220;1_3,1_3,1_3&#8243; _builder_version=&#8220;4.19.4&#8243; _module_preset=&#8220;c64c8041-38e8-4d15-9c37-3c8bf9306dec&#8220; global_colors_info=&#8220;{}&#8220; theme_builder_area=&#8220;post_content&#8220;][et_pb_column type=&#8220;1_3&#8243; _builder_version=&#8220;4.19.4&#8243; _module_preset=&#8220;e0465f73-097c-4686-845d-791565e77485&#8243; global_colors_info=&#8220;{}&#8220; theme_builder_area=&#8220;post_content&#8220;][et_pb_toggle title=&#8220;Wirtschaftlichkeit&#8220; _builder_version=&#8220;4.19.4&#8243; _module_preset=&#8220;e43e105e-dd0d-4186-87bb-7f0e16d23cc8&#8243; global_colors_info=&#8220;{}&#8220; theme_builder_area=&#8220;post_content&#8220;]<\/p>\n<p>Die Trockenbauweise bedeutet vor allem eine <strong>Zeit- und Geldersparnis im Vergleich zu \u201enassen\u201c Baustoffen.<\/strong> Ein modernes Raumkonzept und zus\u00e4tzliche W\u00e4nde tragen auch zur Heizkostenersparnis bei. So wird Geld gespart und die Umwelt geschont.<\/p>\n<p>[\/et_pb_toggle][\/et_pb_column][et_pb_column type=&#8220;1_3&#8243; _builder_version=&#8220;4.19.4&#8243; _module_preset=&#8220;e0465f73-097c-4686-845d-791565e77485&#8243; global_colors_info=&#8220;{}&#8220; theme_builder_area=&#8220;post_content&#8220;][et_pb_toggle title=&#8220;Flexibilit\u00e4t&#8220; _builder_version=&#8220;4.19.4&#8243; _module_preset=&#8220;e43e105e-dd0d-4186-87bb-7f0e16d23cc8&#8243; global_colors_info=&#8220;{}&#8220; theme_builder_area=&#8220;post_content&#8220;]<\/p>\n<p>Trockenbau erm\u00f6glicht ein<strong> sauberes und schnelles Arbeiten ohne schweres Ger\u00e4t.<\/strong><\/p>\n<p>Auch nach der B\u00fcrosanierung oder dem Ladenumbau k\u00f6nnen Ihre R\u00e4ume jederzeit neu gestaltet und auf aktuelle Bed\u00fcrfnisse angepasst werden, indem zus\u00e4tzliche Trennw\u00e4nde eingezogen werden. So bleiben auch Sie flexibel.<\/p>\n<p>[\/et_pb_toggle][\/et_pb_column][et_pb_column type=&#8220;1_3&#8243; _builder_version=&#8220;4.19.4&#8243; _module_preset=&#8220;default&#8220; global_colors_info=&#8220;{}&#8220; theme_builder_area=&#8220;post_content&#8220;][dsm_perspective_image _builder_version=&#8220;4.19.4&#8243; _module_preset=&#8220;default&#8220; global_colors_info=&#8220;{}&#8220; theme_builder_area=&#8220;post_content&#8220;][\/dsm_perspective_image][\/et_pb_column][\/et_pb_row][\/et_pb_section]<\/p>\n","protected":false},"excerpt":{"rendered":"<p>Optimale Raumnutzung und angenehme Arbeitsatmosph\u00e4re im B\u00fcro Klagen Ihre Mitarbeiter \u00fcber Konzentrationsschwierigkeiten durch eine zu hohe Lautst\u00e4rke im B\u00fcro, \u00fcber zu kleine R\u00e4ume oder fehlende Raumstrukturen f\u00fcr Konferenzen? Wir konzipieren eine sinnvolle Raumaufteilung, montieren schallsch\u00fctzende Raum-in-Raum-Systeme, setzen Akustikelemente zur Schalld\u00e4mmung ein und schaffen helle und freundliche B\u00fcros mit angenehmer Arbeitsatmosph\u00e4re. Denn zufriedene Mitarbeiter sind produktiver.Einladendes [&hellip;]<\/p>\n","protected":false},"author":1,"featured_media":0,"parent":139,"menu_order":0,"comment_status":"closed","ping_status":"closed","template":"","meta":{"_acf_changed":false,"_et_pb_use_builder":"on","_et_pb_old_content":"<!-- wp:divi\/placeholder \/-->","_et_gb_content_width":"","footnotes":""},"class_list":["post-151","page","type-page","status-publish","hentry"],"acf":[],"yoast_head":"<!-- This site is optimized with the Yoast SEO plugin v26.7 - https:\/\/yoast.com\/wordpress\/plugins\/seo\/ -->\n<title>Hiller: B\u00fcro- &amp; Ladenbau mit optimierter Raumnutzung und Schallschutz<\/title>\n<meta name=\"description\" content=\"Mit Hiller schaffen Sie produktive B\u00fcros und einladende L\u00e4den. Nutzen Sie Trockenbau f\u00fcr Sanierung, Modernisierung und mehr. Erfahren Sie mehr\" \/>\n<meta name=\"robots\" content=\"index, follow, max-snippet:-1, max-image-preview:large, max-video-preview:-1\" \/>\n<link rel=\"canonical\" href=\"https:\/\/trockenbau-hiller.de\/?page_id=151\" \/>\n<meta property=\"og:locale\" content=\"de_DE\" \/>\n<meta property=\"og:type\" content=\"article\" \/>\n<meta property=\"og:title\" content=\"Hiller: B\u00fcro- &amp; Ladenbau mit optimierter Raumnutzung und Schallschutz\" \/>\n<meta property=\"og:description\" content=\"Mit Hiller schaffen Sie produktive B\u00fcros und einladende L\u00e4den. Nutzen Sie Trockenbau f\u00fcr Sanierung, Modernisierung und mehr. Erfahren Sie mehr\" \/>\n<meta property=\"og:url\" content=\"https:\/\/trockenbau-hiller.de\/?page_id=151\" \/>\n<meta property=\"og:site_name\" content=\"Hiller - Trockenbau Branschutz Bauelemente\" \/>\n<meta property=\"article:modified_time\" content=\"2023-06-16T14:19:01+00:00\" \/>\n<meta name=\"twitter:card\" content=\"summary_large_image\" \/>\n<meta name=\"twitter:label1\" content=\"Gesch\u00e4tzte Lesezeit\" \/>\n\t<meta name=\"twitter:data1\" content=\"7\u00a0Minuten\" \/>\n<script type=\"application\/ld+json\" class=\"yoast-schema-graph\">{\"@context\":\"https:\/\/schema.org\",\"@graph\":[{\"@type\":\"WebPage\",\"@id\":\"https:\/\/trockenbau-hiller.de\/?page_id=151\",\"url\":\"https:\/\/trockenbau-hiller.de\/?page_id=151\",\"name\":\"Hiller: B\u00fcro- & Ladenbau mit optimierter Raumnutzung und Schallschutz\",\"isPartOf\":{\"@id\":\"https:\/\/trockenbau-hiller.de\/#website\"},\"datePublished\":\"2023-03-15T07:27:44+00:00\",\"dateModified\":\"2023-06-16T14:19:01+00:00\",\"description\":\"Mit Hiller schaffen Sie produktive B\u00fcros und einladende L\u00e4den. Nutzen Sie Trockenbau f\u00fcr Sanierung, Modernisierung und mehr. Erfahren Sie mehr\",\"breadcrumb\":{\"@id\":\"https:\/\/trockenbau-hiller.de\/?page_id=151#breadcrumb\"},\"inLanguage\":\"de\",\"potentialAction\":[{\"@type\":\"ReadAction\",\"target\":[\"https:\/\/trockenbau-hiller.de\/?page_id=151\"]}]},{\"@type\":\"BreadcrumbList\",\"@id\":\"https:\/\/trockenbau-hiller.de\/?page_id=151#breadcrumb\",\"itemListElement\":[{\"@type\":\"ListItem\",\"position\":1,\"name\":\"Startseite\",\"item\":\"https:\/\/trockenbau-hiller.de\/\"},{\"@type\":\"ListItem\",\"position\":2,\"name\":\"Leistungen\",\"item\":\"https:\/\/trockenbau-hiller.de\/?page_id=139\"},{\"@type\":\"ListItem\",\"position\":3,\"name\":\"B\u00fcro- &#038; Ladenbau\"}]},{\"@type\":\"WebSite\",\"@id\":\"https:\/\/trockenbau-hiller.de\/#website\",\"url\":\"https:\/\/trockenbau-hiller.de\/\",\"name\":\"Hiller - Trockenbau Branschutz Bauelemente\",\"description\":\"Trockenbau Leipzig\",\"potentialAction\":[{\"@type\":\"SearchAction\",\"target\":{\"@type\":\"EntryPoint\",\"urlTemplate\":\"https:\/\/trockenbau-hiller.de\/?s={search_term_string}\"},\"query-input\":{\"@type\":\"PropertyValueSpecification\",\"valueRequired\":true,\"valueName\":\"search_term_string\"}}],\"inLanguage\":\"de\"}]}<\/script>\n<!-- \/ Yoast SEO plugin. -->","yoast_head_json":{"title":"Hiller: B\u00fcro- & Ladenbau mit optimierter Raumnutzung und Schallschutz","description":"Mit Hiller schaffen Sie produktive B\u00fcros und einladende L\u00e4den. Nutzen Sie Trockenbau f\u00fcr Sanierung, Modernisierung und mehr. Erfahren Sie mehr","robots":{"index":"index","follow":"follow","max-snippet":"max-snippet:-1","max-image-preview":"max-image-preview:large","max-video-preview":"max-video-preview:-1"},"canonical":"https:\/\/trockenbau-hiller.de\/?page_id=151","og_locale":"de_DE","og_type":"article","og_title":"Hiller: B\u00fcro- & Ladenbau mit optimierter Raumnutzung und Schallschutz","og_description":"Mit Hiller schaffen Sie produktive B\u00fcros und einladende L\u00e4den. Nutzen Sie Trockenbau f\u00fcr Sanierung, Modernisierung und mehr. Erfahren Sie mehr","og_url":"https:\/\/trockenbau-hiller.de\/?page_id=151","og_site_name":"Hiller - Trockenbau Branschutz Bauelemente","article_modified_time":"2023-06-16T14:19:01+00:00","twitter_card":"summary_large_image","twitter_misc":{"Gesch\u00e4tzte Lesezeit":"7\u00a0Minuten"},"schema":{"@context":"https:\/\/schema.org","@graph":[{"@type":"WebPage","@id":"https:\/\/trockenbau-hiller.de\/?page_id=151","url":"https:\/\/trockenbau-hiller.de\/?page_id=151","name":"Hiller: B\u00fcro- & Ladenbau mit optimierter Raumnutzung und Schallschutz","isPartOf":{"@id":"https:\/\/trockenbau-hiller.de\/#website"},"datePublished":"2023-03-15T07:27:44+00:00","dateModified":"2023-06-16T14:19:01+00:00","description":"Mit Hiller schaffen Sie produktive B\u00fcros und einladende L\u00e4den. Nutzen Sie Trockenbau f\u00fcr Sanierung, Modernisierung und mehr. Erfahren Sie mehr","breadcrumb":{"@id":"https:\/\/trockenbau-hiller.de\/?page_id=151#breadcrumb"},"inLanguage":"de","potentialAction":[{"@type":"ReadAction","target":["https:\/\/trockenbau-hiller.de\/?page_id=151"]}]},{"@type":"BreadcrumbList","@id":"https:\/\/trockenbau-hiller.de\/?page_id=151#breadcrumb","itemListElement":[{"@type":"ListItem","position":1,"name":"Startseite","item":"https:\/\/trockenbau-hiller.de\/"},{"@type":"ListItem","position":2,"name":"Leistungen","item":"https:\/\/trockenbau-hiller.de\/?page_id=139"},{"@type":"ListItem","position":3,"name":"B\u00fcro- &#038; Ladenbau"}]},{"@type":"WebSite","@id":"https:\/\/trockenbau-hiller.de\/#website","url":"https:\/\/trockenbau-hiller.de\/","name":"Hiller - Trockenbau Branschutz Bauelemente","description":"Trockenbau Leipzig","potentialAction":[{"@type":"SearchAction","target":{"@type":"EntryPoint","urlTemplate":"https:\/\/trockenbau-hiller.de\/?s={search_term_string}"},"query-input":{"@type":"PropertyValueSpecification","valueRequired":true,"valueName":"search_term_string"}}],"inLanguage":"de"}]}},"_links":{"self":[{"href":"https:\/\/trockenbau-hiller.de\/index.php?rest_route=\/wp\/v2\/pages\/151","targetHints":{"allow":["GET"]}}],"collection":[{"href":"https:\/\/trockenbau-hiller.de\/index.php?rest_route=\/wp\/v2\/pages"}],"about":[{"href":"https:\/\/trockenbau-hiller.de\/index.php?rest_route=\/wp\/v2\/types\/page"}],"author":[{"embeddable":true,"href":"https:\/\/trockenbau-hiller.de\/index.php?rest_route=\/wp\/v2\/users\/1"}],"replies":[{"embeddable":true,"href":"https:\/\/trockenbau-hiller.de\/index.php?rest_route=%2Fwp%2Fv2%2Fcomments&post=151"}],"version-history":[{"count":5,"href":"https:\/\/trockenbau-hiller.de\/index.php?rest_route=\/wp\/v2\/pages\/151\/revisions"}],"predecessor-version":[{"id":519,"href":"https:\/\/trockenbau-hiller.de\/index.php?rest_route=\/wp\/v2\/pages\/151\/revisions\/519"}],"up":[{"embeddable":true,"href":"https:\/\/trockenbau-hiller.de\/index.php?rest_route=\/wp\/v2\/pages\/139"}],"wp:attachment":[{"href":"https:\/\/trockenbau-hiller.de\/index.php?rest_route=%2Fwp%2Fv2%2Fmedia&parent=151"}],"curies":[{"name":"wp","href":"https:\/\/api.w.org\/{rel}","templated":true}]}}