{"id":155,"date":"2023-03-15T08:28:42","date_gmt":"2023-03-15T07:28:42","guid":{"rendered":"https:\/\/trockenbau-hiller.de\/?page_id=155"},"modified":"2023-06-16T16:21:18","modified_gmt":"2023-06-16T14:21:18","slug":"unternehmen","status":"publish","type":"page","link":"https:\/\/trockenbau-hiller.de\/?page_id=155","title":{"rendered":"Unternehmen"},"content":{"rendered":"<p>[et_pb_section fb_built=&#8220;1&#8243; _builder_version=&#8220;4.19.4&#8243; _module_preset=&#8220;5691456f-b4ad-4a6a-a9ea-855fc0d1762a&#8220; global_colors_info=&#8220;{}&#8220; theme_builder_area=&#8220;et_body_layout&#8220;][et_pb_row column_structure=&#8220;1_2,1_2&#8243; _builder_version=&#8220;4.19.4&#8243; _module_preset=&#8220;986a95ea-5f1f-4338-8b48-e81a2e201796&#8243; pac_drh_enable_stacking=&#8220;pac_drh_stack_row pac_drh_stack_tab_mob&#8220; global_colors_info=&#8220;{}&#8220; theme_builder_area=&#8220;et_body_layout&#8220;][et_pb_column type=&#8220;1_2&#8243; _builder_version=&#8220;4.19.4&#8243; _module_preset=&#8220;0ee0cf15-7222-4d01-9b48-4d3ef8456ce8&#8243; pac_drh_add_staking_order_tab=&#8220;pac_drh_order_tab_two&#8220; pac_drh_add_staking_order_mob=&#8220;pac_drh_order_mob_two&#8220; global_colors_info=&#8220;{}&#8220; theme_builder_area=&#8220;et_body_layout&#8220;][et_pb_text _builder_version=&#8220;4.19.4&#8243; _module_preset=&#8220;default&#8220; hover_enabled=&#8220;0&#8243; global_colors_info=&#8220;{}&#8220; theme_builder_area=&#8220;et_body_layout&#8220; sticky_enabled=&#8220;0&#8243;]<\/p>\n<h2>Ihr erfahrenes Team f\u00fcr Innenausbau aus Sachsen<\/h2>\n<div class=\"subheadline\">Trockenbau Hiller ist ein seit 2006 \u00fcberregional t\u00e4tiges Bauunternehmen mit Sitz in B\u00f6hlen im Landkreis Leipzig.<\/div>\n<p>Der gelernte Trockenbaumonteur, Gr\u00fcnder und Gesch\u00e4ftsf\u00fchrer David Hiller besch\u00e4ftigt ein Team aus zw\u00f6lf qualifizierten und erfahrenen Facharbeitern. Neue Bauelemente, moderne Techniken und sich \u00e4ndernde gesetzliche Regelungen im Schall- und Brandschutz lernen die Mitarbeiter in regelm\u00e4\u00dfigen Schulungen kennen \u2013 f\u00fcr optimale Ergebnisse und zufriedene Kunden.<\/p>\n<p>Um auch in der Zukunft Trockenbau-Fachkr\u00e4fte f\u00fcr unser Unternehmen zu sichern, bilden wir Lehrlinge aus.<\/p>\n<p>Die langj\u00e4hrige partnerschaftliche Kooperation mit Meisterbetrieben sowie die vertrauensvolle Zusammenarbeit mit Subunternehmern und namhaften Partnerfirmen im Bereich des Innenausbaus sorgen f\u00fcr den reibungslosen Ablauf \u2013 von der Idee bis zur Fertigstellung.<\/p>\n<p>Das Trockenbauunternehmen aus Sachsen steht f\u00fcr handwerkliche Qualit\u00e4tsleistung und hohen Service.[\/et_pb_text][\/et_pb_column][et_pb_column type=&#8220;1_2&#8243; _builder_version=&#8220;4.19.4&#8243; _module_preset=&#8220;5a4c7eaf-4fc8-46ba-9c6e-0b877b6d4e24&#8243; pac_drh_add_staking_order_tab=&#8220;pac_drh_order_tab_one&#8220; pac_drh_add_staking_order_mob=&#8220;pac_drh_order_mob_one&#8220; global_colors_info=&#8220;{}&#8220; theme_builder_area=&#8220;et_body_layout&#8220;][et_pb_image src=&#8220;https:\/\/trockenbau-hiller.de\/wp-content\/uploads\/2023\/03\/Projekt-H4.jpg&#8220; title_text=&#8220;Projekt-H4&#8243; _builder_version=&#8220;4.19.4&#8243; _module_preset=&#8220;default&#8220; hover_enabled=&#8220;0&#8243; image_aspect_ratio=&#8220;4\/3&#8243; global_colors_info=&#8220;{}&#8220; theme_builder_area=&#8220;et_body_layout&#8220; sticky_enabled=&#8220;0&#8243;][\/et_pb_image][\/et_pb_column][\/et_pb_row][\/et_pb_section]<\/p>\n","protected":false},"excerpt":{"rendered":"<p>Ihr erfahrenes Team f\u00fcr Innenausbau aus Sachsen Trockenbau Hiller ist ein seit 2006 \u00fcberregional t\u00e4tiges Bauunternehmen mit Sitz in B\u00f6hlen im Landkreis Leipzig. Der gelernte Trockenbaumonteur, Gr\u00fcnder und Gesch\u00e4ftsf\u00fchrer David Hiller besch\u00e4ftigt ein Team aus zw\u00f6lf qualifizierten und erfahrenen Facharbeitern. Neue Bauelemente, moderne Techniken und sich \u00e4ndernde gesetzliche Regelungen im Schall- und Brandschutz lernen die [&hellip;]<\/p>\n","protected":false},"author":1,"featured_media":0,"parent":0,"menu_order":0,"comment_status":"closed","ping_status":"closed","template":"","meta":{"_acf_changed":false,"_et_pb_use_builder":"on","_et_pb_old_content":"<!-- wp:divi\/placeholder \/-->","_et_gb_content_width":"","footnotes":""},"class_list":["post-155","page","type-page","status-publish","hentry"],"acf":[],"yoast_head":"<!-- This site is optimized with the Yoast SEO plugin v26.7 - https:\/\/yoast.com\/wordpress\/plugins\/seo\/ -->\n<title>Trockenbau Hiller: Ihr erfahrenes Team f\u00fcr Innenausbau in Sachsen<\/title>\n<meta name=\"description\" content=\"Trockenbau Hiller steht f\u00fcr handwerkliche Qualit\u00e4t und hohen Service. Erfahren Sie mehr \u00fcber unser Team und unsere Arbeit. Besuchen Sie unsere Webseite!\" \/>\n<meta name=\"robots\" content=\"index, follow, max-snippet:-1, max-image-preview:large, max-video-preview:-1\" \/>\n<link rel=\"canonical\" href=\"https:\/\/trockenbau-hiller.de\/?page_id=155\" \/>\n<meta property=\"og:locale\" content=\"de_DE\" \/>\n<meta property=\"og:type\" content=\"article\" \/>\n<meta property=\"og:title\" content=\"Trockenbau Hiller: Ihr erfahrenes Team f\u00fcr Innenausbau in Sachsen\" \/>\n<meta property=\"og:description\" content=\"Trockenbau Hiller steht f\u00fcr handwerkliche Qualit\u00e4t und hohen Service. Erfahren Sie mehr \u00fcber unser Team und unsere Arbeit. Besuchen Sie unsere Webseite!\" \/>\n<meta property=\"og:url\" content=\"https:\/\/trockenbau-hiller.de\/?page_id=155\" \/>\n<meta property=\"og:site_name\" content=\"Hiller - Trockenbau Branschutz Bauelemente\" \/>\n<meta property=\"article:modified_time\" content=\"2023-06-16T14:21:18+00:00\" \/>\n<meta name=\"twitter:card\" content=\"summary_large_image\" \/>\n<meta name=\"twitter:label1\" content=\"Gesch\u00e4tzte Lesezeit\" \/>\n\t<meta name=\"twitter:data1\" content=\"2\u00a0Minuten\" \/>\n<script type=\"application\/ld+json\" class=\"yoast-schema-graph\">{\"@context\":\"https:\/\/schema.org\",\"@graph\":[{\"@type\":\"WebPage\",\"@id\":\"https:\/\/trockenbau-hiller.de\/?page_id=155\",\"url\":\"https:\/\/trockenbau-hiller.de\/?page_id=155\",\"name\":\"Trockenbau Hiller: Ihr erfahrenes Team f\u00fcr Innenausbau in Sachsen\",\"isPartOf\":{\"@id\":\"https:\/\/trockenbau-hiller.de\/#website\"},\"datePublished\":\"2023-03-15T07:28:42+00:00\",\"dateModified\":\"2023-06-16T14:21:18+00:00\",\"description\":\"Trockenbau Hiller steht f\u00fcr handwerkliche Qualit\u00e4t und hohen Service. Erfahren Sie mehr \u00fcber unser Team und unsere Arbeit. Besuchen Sie unsere Webseite!\",\"breadcrumb\":{\"@id\":\"https:\/\/trockenbau-hiller.de\/?page_id=155#breadcrumb\"},\"inLanguage\":\"de\",\"potentialAction\":[{\"@type\":\"ReadAction\",\"target\":[\"https:\/\/trockenbau-hiller.de\/?page_id=155\"]}]},{\"@type\":\"BreadcrumbList\",\"@id\":\"https:\/\/trockenbau-hiller.de\/?page_id=155#breadcrumb\",\"itemListElement\":[{\"@type\":\"ListItem\",\"position\":1,\"name\":\"Startseite\",\"item\":\"https:\/\/trockenbau-hiller.de\/\"},{\"@type\":\"ListItem\",\"position\":2,\"name\":\"Unternehmen\"}]},{\"@type\":\"WebSite\",\"@id\":\"https:\/\/trockenbau-hiller.de\/#website\",\"url\":\"https:\/\/trockenbau-hiller.de\/\",\"name\":\"Hiller - Trockenbau Branschutz Bauelemente\",\"description\":\"Trockenbau Leipzig\",\"potentialAction\":[{\"@type\":\"SearchAction\",\"target\":{\"@type\":\"EntryPoint\",\"urlTemplate\":\"https:\/\/trockenbau-hiller.de\/?s={search_term_string}\"},\"query-input\":{\"@type\":\"PropertyValueSpecification\",\"valueRequired\":true,\"valueName\":\"search_term_string\"}}],\"inLanguage\":\"de\"}]}<\/script>\n<!-- \/ Yoast SEO plugin. -->","yoast_head_json":{"title":"Trockenbau Hiller: Ihr erfahrenes Team f\u00fcr Innenausbau in Sachsen","description":"Trockenbau Hiller steht f\u00fcr handwerkliche Qualit\u00e4t und hohen Service. Erfahren Sie mehr \u00fcber unser Team und unsere Arbeit. Besuchen Sie unsere Webseite!","robots":{"index":"index","follow":"follow","max-snippet":"max-snippet:-1","max-image-preview":"max-image-preview:large","max-video-preview":"max-video-preview:-1"},"canonical":"https:\/\/trockenbau-hiller.de\/?page_id=155","og_locale":"de_DE","og_type":"article","og_title":"Trockenbau Hiller: Ihr erfahrenes Team f\u00fcr Innenausbau in Sachsen","og_description":"Trockenbau Hiller steht f\u00fcr handwerkliche Qualit\u00e4t und hohen Service. Erfahren Sie mehr \u00fcber unser Team und unsere Arbeit. Besuchen Sie unsere Webseite!","og_url":"https:\/\/trockenbau-hiller.de\/?page_id=155","og_site_name":"Hiller - Trockenbau Branschutz Bauelemente","article_modified_time":"2023-06-16T14:21:18+00:00","twitter_card":"summary_large_image","twitter_misc":{"Gesch\u00e4tzte Lesezeit":"2\u00a0Minuten"},"schema":{"@context":"https:\/\/schema.org","@graph":[{"@type":"WebPage","@id":"https:\/\/trockenbau-hiller.de\/?page_id=155","url":"https:\/\/trockenbau-hiller.de\/?page_id=155","name":"Trockenbau Hiller: Ihr erfahrenes Team f\u00fcr Innenausbau in Sachsen","isPartOf":{"@id":"https:\/\/trockenbau-hiller.de\/#website"},"datePublished":"2023-03-15T07:28:42+00:00","dateModified":"2023-06-16T14:21:18+00:00","description":"Trockenbau Hiller steht f\u00fcr handwerkliche Qualit\u00e4t und hohen Service. Erfahren Sie mehr \u00fcber unser Team und unsere Arbeit. Besuchen Sie unsere Webseite!","breadcrumb":{"@id":"https:\/\/trockenbau-hiller.de\/?page_id=155#breadcrumb"},"inLanguage":"de","potentialAction":[{"@type":"ReadAction","target":["https:\/\/trockenbau-hiller.de\/?page_id=155"]}]},{"@type":"BreadcrumbList","@id":"https:\/\/trockenbau-hiller.de\/?page_id=155#breadcrumb","itemListElement":[{"@type":"ListItem","position":1,"name":"Startseite","item":"https:\/\/trockenbau-hiller.de\/"},{"@type":"ListItem","position":2,"name":"Unternehmen"}]},{"@type":"WebSite","@id":"https:\/\/trockenbau-hiller.de\/#website","url":"https:\/\/trockenbau-hiller.de\/","name":"Hiller - Trockenbau Branschutz Bauelemente","description":"Trockenbau Leipzig","potentialAction":[{"@type":"SearchAction","target":{"@type":"EntryPoint","urlTemplate":"https:\/\/trockenbau-hiller.de\/?s={search_term_string}"},"query-input":{"@type":"PropertyValueSpecification","valueRequired":true,"valueName":"search_term_string"}}],"inLanguage":"de"}]}},"_links":{"self":[{"href":"https:\/\/trockenbau-hiller.de\/index.php?rest_route=\/wp\/v2\/pages\/155","targetHints":{"allow":["GET"]}}],"collection":[{"href":"https:\/\/trockenbau-hiller.de\/index.php?rest_route=\/wp\/v2\/pages"}],"about":[{"href":"https:\/\/trockenbau-hiller.de\/index.php?rest_route=\/wp\/v2\/types\/page"}],"author":[{"embeddable":true,"href":"https:\/\/trockenbau-hiller.de\/index.php?rest_route=\/wp\/v2\/users\/1"}],"replies":[{"embeddable":true,"href":"https:\/\/trockenbau-hiller.de\/index.php?rest_route=%2Fwp%2Fv2%2Fcomments&post=155"}],"version-history":[{"count":4,"href":"https:\/\/trockenbau-hiller.de\/index.php?rest_route=\/wp\/v2\/pages\/155\/revisions"}],"predecessor-version":[{"id":288,"href":"https:\/\/trockenbau-hiller.de\/index.php?rest_route=\/wp\/v2\/pages\/155\/revisions\/288"}],"wp:attachment":[{"href":"https:\/\/trockenbau-hiller.de\/index.php?rest_route=%2Fwp%2Fv2%2Fmedia&parent=155"}],"curies":[{"name":"wp","href":"https:\/\/api.w.org\/{rel}","templated":true}]}}