{"id":159,"date":"2023-03-15T08:29:04","date_gmt":"2023-03-15T07:29:04","guid":{"rendered":"https:\/\/trockenbau-hiller.de\/?page_id=159"},"modified":"2023-06-16T16:27:55","modified_gmt":"2023-06-16T14:27:55","slug":"jobs","status":"publish","type":"page","link":"https:\/\/trockenbau-hiller.de\/?page_id=159","title":{"rendered":"Jobs"},"content":{"rendered":"<p>[et_pb_section fb_built=&#8220;1&#8243; _builder_version=&#8220;4.19.4&#8243; _module_preset=&#8220;5691456f-b4ad-4a6a-a9ea-855fc0d1762a&#8220; global_colors_info=&#8220;{}&#8220; theme_builder_area=&#8220;et_body_layout&#8220;][et_pb_row column_structure=&#8220;1_2,1_2&#8243; _builder_version=&#8220;4.19.4&#8243; _module_preset=&#8220;986a95ea-5f1f-4338-8b48-e81a2e201796&#8243; pac_drh_enable_stacking=&#8220;pac_drh_stack_row pac_drh_stack_tab_mob&#8220; global_colors_info=&#8220;{}&#8220; theme_builder_area=&#8220;et_body_layout&#8220;][et_pb_column type=&#8220;1_2&#8243; _builder_version=&#8220;4.19.4&#8243; _module_preset=&#8220;0ee0cf15-7222-4d01-9b48-4d3ef8456ce8&#8243; pac_drh_add_staking_order_tab=&#8220;pac_drh_order_tab_two&#8220; pac_drh_add_staking_order_mob=&#8220;pac_drh_order_mob_two&#8220; global_colors_info=&#8220;{}&#8220; theme_builder_area=&#8220;et_body_layout&#8220;][et_pb_text _builder_version=&#8220;4.19.4&#8243; _module_preset=&#8220;637e9e69-3fcc-4b84-a886-305909b230bc&#8220; hover_enabled=&#8220;0&#8243; global_colors_info=&#8220;{}&#8220; theme_builder_area=&#8220;et_body_layout&#8220; sticky_enabled=&#8220;0&#8243;]<\/p>\n<h2>Werde ein Teil von uns.<\/h2>\n<div class=\"subheadline\">Wir, ein junges und ehrgeiziges Team, legen Wert auf Engagement, Fachwissen und Leistungsbewusstsein. <\/div>\n<p>Daf\u00fcr z\u00e4hlen bei uns aber auch Argumente mehr als Hierarchien. So stellen wir die Qualit\u00e4t unserer Dienstleistungen sicher.[\/et_pb_text][\/et_pb_column][et_pb_column type=&#8220;1_2&#8243; _builder_version=&#8220;4.19.4&#8243; _module_preset=&#8220;5a4c7eaf-4fc8-46ba-9c6e-0b877b6d4e24&#8243; pac_drh_add_staking_order_tab=&#8220;pac_drh_order_tab_one&#8220; pac_drh_add_staking_order_mob=&#8220;pac_drh_order_mob_one&#8220; global_colors_info=&#8220;{}&#8220; theme_builder_area=&#8220;et_body_layout&#8220;][et_pb_image src=&#8220;https:\/\/trockenbau-hiller.de\/wp-content\/uploads\/2023\/03\/Projekt-H7.jpg&#8220; title_text=&#8220;DCIM100GOPROGOPR0626.JPG&#8220; _builder_version=&#8220;4.19.4&#8243; _module_preset=&#8220;default&#8220; hover_enabled=&#8220;0&#8243; image_aspect_ratio=&#8220;4\/3&#8243; global_colors_info=&#8220;{}&#8220; theme_builder_area=&#8220;et_body_layout&#8220; sticky_enabled=&#8220;0&#8243;][\/et_pb_image][\/et_pb_column][\/et_pb_row][\/et_pb_section][et_pb_section fb_built=&#8220;1&#8243; _builder_version=&#8220;4.19.4&#8243; _module_preset=&#8220;_initial&#8220; custom_margin=&#8220;0px||||false|false&#8220; custom_padding=&#8220;0px||5px||false|false&#8220; global_colors_info=&#8220;{}&#8220; theme_builder_area=&#8220;et_body_layout&#8220;][et_pb_row _builder_version=&#8220;4.19.4&#8243; _module_preset=&#8220;default&#8220; custom_padding=&#8220;9px|||||&#8220; global_colors_info=&#8220;{}&#8220; theme_builder_area=&#8220;et_body_layout&#8220;][et_pb_column type=&#8220;4_4&#8243; _builder_version=&#8220;4.19.4&#8243; _module_preset=&#8220;default&#8220; global_colors_info=&#8220;{}&#8220; theme_builder_area=&#8220;et_body_layout&#8220;][et_pb_text _builder_version=&#8220;4.19.4&#8243; _module_preset=&#8220;default&#8220; quote_font=&#8220;Tilt Warp|||on|||||&#8220; quote_font_size=&#8220;20px&#8220; quote_line_height=&#8220;1.5em&#8220; hover_enabled=&#8220;0&#8243; global_colors_info=&#8220;{}&#8220; theme_builder_area=&#8220;et_body_layout&#8220; sticky_enabled=&#8220;0&#8243;]<\/p>\n<blockquote>\n<p>Unsere offenen Stellen werden regelm\u00e4\u00dfig aktualisiert.<\/p>\n<\/blockquote>\n<p>[\/et_pb_text][\/et_pb_column][\/et_pb_row][\/et_pb_section][et_pb_section fb_built=&#8220;1&#8243; _builder_version=&#8220;4.19.4&#8243; _module_preset=&#8220;default&#8220; background_color=&#8220;#F9F9F9&#8243; global_colors_info=&#8220;{}&#8220; theme_builder_area=&#8220;et_body_layout&#8220;][et_pb_row _builder_version=&#8220;4.19.4&#8243; _module_preset=&#8220;default&#8220; global_colors_info=&#8220;{}&#8220; theme_builder_area=&#8220;et_body_layout&#8220;][et_pb_column type=&#8220;4_4&#8243; _builder_version=&#8220;4.19.4&#8243; _module_preset=&#8220;default&#8220; global_colors_info=&#8220;{}&#8220; theme_builder_area=&#8220;et_body_layout&#8220;][et_pb_text _builder_version=&#8220;4.19.4&#8243; _module_preset=&#8220;default&#8220; text_orientation=&#8220;center&#8220; hover_enabled=&#8220;0&#8243; global_colors_info=&#8220;{}&#8220; theme_builder_area=&#8220;et_body_layout&#8220; sticky_enabled=&#8220;0&#8243;]<\/p>\n<h2>Zur Unterst\u00fctzung unseres Teams suchen wir Sie (m\/w\/d) als::<\/h2>\n<p>[\/et_pb_text][\/et_pb_column][\/et_pb_row][et_pb_row _builder_version=&#8220;4.19.4&#8243; _module_preset=&#8220;c64c8041-38e8-4d15-9c37-3c8bf9306dec&#8220; hover_enabled=&#8220;0&#8243; global_colors_info=&#8220;{}&#8220; theme_builder_area=&#8220;et_body_layout&#8220; sticky_enabled=&#8220;0&#8243; custom_padding=&#8220;||0px||false|false&#8220;][et_pb_column type=&#8220;4_4&#8243; _builder_version=&#8220;4.19.4&#8243; _module_preset=&#8220;e0465f73-097c-4686-845d-791565e77485&#8243; global_colors_info=&#8220;{}&#8220; theme_builder_area=&#8220;et_body_layout&#8220;][et_pb_toggle title=&#8220;Trockenbaumonteur\/in (ausgelernt, FA und ungelernt)&#8220; _builder_version=&#8220;4.19.4&#8243; _module_preset=&#8220;e43e105e-dd0d-4186-87bb-7f0e16d23cc8&#8243; hover_enabled=&#8220;0&#8243; global_colors_info=&#8220;{}&#8220; theme_builder_area=&#8220;et_body_layout&#8220; sticky_enabled=&#8220;0&#8243;]<\/p>\n<p>Sie sind aus der Region Leipzig und verf\u00fcgen \u00fcber mehrj\u00e4hrige Erfahrungen im Trockenbau oder eine entsprechende Ausbildung?<\/p>\n<p><strong>Wir bieten<\/strong> nicht nur eine \u00fcbertarifliche Bezahlung, Bonuszahlungen am Jahresende und Weihnachtsgeld, sondern auch die M\u00f6glichkeit zur Weiterbildung in regelm\u00e4\u00dfigen Lehrg\u00e4ngen. Gegebenenfalls stellen wir einen Firmenwagen zur Verf\u00fcgung.<\/p>\n<p>Wir freuen uns auf Ihre Bewerbungsunterlagen per E-Mail an <a href=\"mailto:info@trockenbau-hiller.de\">info@trockenbau-hiller.de<\/a>.<\/p>\n<p>[\/et_pb_toggle][\/et_pb_column][\/et_pb_row][et_pb_row _builder_version=&#8220;4.19.4&#8243; _module_preset=&#8220;c64c8041-38e8-4d15-9c37-3c8bf9306dec&#8220; hover_enabled=&#8220;0&#8243; global_colors_info=&#8220;{}&#8220; theme_builder_area=&#8220;et_body_layout&#8220; sticky_enabled=&#8220;0&#8243;][et_pb_column type=&#8220;4_4&#8243; _builder_version=&#8220;4.19.4&#8243; _module_preset=&#8220;e0465f73-097c-4686-845d-791565e77485&#8243; global_colors_info=&#8220;{}&#8220; theme_builder_area=&#8220;et_body_layout&#8220;][et_pb_toggle title=&#8220;Auszubildende\/r&#8220; _builder_version=&#8220;4.19.4&#8243; _module_preset=&#8220;e43e105e-dd0d-4186-87bb-7f0e16d23cc8&#8243; hover_enabled=&#8220;0&#8243; global_colors_info=&#8220;{}&#8220; theme_builder_area=&#8220;et_body_layout&#8220; sticky_enabled=&#8220;0&#8243;]Gehe mit uns den n\u00e4chsten Schritt: Mit der Ausbildung legen wir gemeinsam das Fundament f\u00fcr Deine berufliche Zukunft. Deshalb durchl\u00e4ufst Du in unserem Unternehmen alle relevanten Bereiche f\u00fcr Deine Ausbildung und kannst so das Gelernte direkt in der Praxis anwenden.<\/p>\n<p><strong>Wir bieten<\/strong> Dir Pr\u00e4mien f\u00fcr gute Noten, Kosten\u00fcbernahme f\u00fcr Fahrten und \u00dcbernachtungen f\u00fcr die Berufsschule und zu Lehrg\u00e4ngen an. Bei der \u00dcbernahme leisten wir sogar einen Zuschuss f\u00fcr Deinen F\u00fchrerschein.<\/p>\n<p>Wir brauchen Deine Arbeitskraft, deshalb erwartet Dich bei uns keine Lehrzeit, die Du mit Kaffeeholen und Saubermachen verbringst.<\/p>\n<p>Wir freuen uns auf Ihre Bewerbungsunterlagen per E-Mail an <a href=\"mailto:info@trockenbau-hiller.de\">info@trockenbau-hiller.de<\/a>.[\/et_pb_toggle][\/et_pb_column][\/et_pb_row][\/et_pb_section]<\/p>\n","protected":false},"excerpt":{"rendered":"<p>Werde ein Teil von uns. Wir, ein junges und ehrgeiziges Team, legen Wert auf Engagement, Fachwissen und Leistungsbewusstsein. Daf\u00fcr z\u00e4hlen bei uns aber auch Argumente mehr als Hierarchien. So stellen wir die Qualit\u00e4t unserer Dienstleistungen sicher. Unsere offenen Stellen werden regelm\u00e4\u00dfig aktualisiert. Zur Unterst\u00fctzung unseres Teams suchen wir Sie (m\/w\/d) als::Sie sind aus der Region [&hellip;]<\/p>\n","protected":false},"author":1,"featured_media":0,"parent":0,"menu_order":0,"comment_status":"closed","ping_status":"closed","template":"","meta":{"_acf_changed":false,"_et_pb_use_builder":"on","_et_pb_old_content":"<!-- wp:divi\/placeholder \/-->","_et_gb_content_width":"","footnotes":""},"class_list":["post-159","page","type-page","status-publish","hentry"],"acf":[],"yoast_head":"<!-- This site is optimized with the Yoast SEO plugin v26.7 - https:\/\/yoast.com\/wordpress\/plugins\/seo\/ -->\n<title>Karriere bei Trockenbau Hiller - Aktuelle Jobangebote<\/title>\n<meta name=\"description\" content=\"Beginnen Sie eine spannende Karriere bei Trockenbau Hiller. Entdecken Sie aktuelle Jobangebote. Erfahren Sie mehr auf unserer Webseite!\" \/>\n<meta name=\"robots\" content=\"index, follow, max-snippet:-1, max-image-preview:large, max-video-preview:-1\" \/>\n<link rel=\"canonical\" href=\"https:\/\/trockenbau-hiller.de\/?page_id=159\" \/>\n<meta property=\"og:locale\" content=\"de_DE\" \/>\n<meta property=\"og:type\" content=\"article\" \/>\n<meta property=\"og:title\" content=\"Karriere bei Trockenbau Hiller - Aktuelle Jobangebote\" \/>\n<meta property=\"og:description\" content=\"Beginnen Sie eine spannende Karriere bei Trockenbau Hiller. Entdecken Sie aktuelle Jobangebote. Erfahren Sie mehr auf unserer Webseite!\" \/>\n<meta property=\"og:url\" content=\"https:\/\/trockenbau-hiller.de\/?page_id=159\" \/>\n<meta property=\"og:site_name\" content=\"Hiller - Trockenbau Branschutz Bauelemente\" \/>\n<meta property=\"article:modified_time\" content=\"2023-06-16T14:27:55+00:00\" \/>\n<meta name=\"twitter:card\" content=\"summary_large_image\" \/>\n<meta name=\"twitter:label1\" content=\"Gesch\u00e4tzte Lesezeit\" \/>\n\t<meta name=\"twitter:data1\" content=\"4\u00a0Minuten\" \/>\n<script type=\"application\/ld+json\" class=\"yoast-schema-graph\">{\"@context\":\"https:\/\/schema.org\",\"@graph\":[{\"@type\":\"WebPage\",\"@id\":\"https:\/\/trockenbau-hiller.de\/?page_id=159\",\"url\":\"https:\/\/trockenbau-hiller.de\/?page_id=159\",\"name\":\"Karriere bei Trockenbau Hiller - Aktuelle Jobangebote\",\"isPartOf\":{\"@id\":\"https:\/\/trockenbau-hiller.de\/#website\"},\"datePublished\":\"2023-03-15T07:29:04+00:00\",\"dateModified\":\"2023-06-16T14:27:55+00:00\",\"description\":\"Beginnen Sie eine spannende Karriere bei Trockenbau Hiller. Entdecken Sie aktuelle Jobangebote. Erfahren Sie mehr auf unserer Webseite!\",\"breadcrumb\":{\"@id\":\"https:\/\/trockenbau-hiller.de\/?page_id=159#breadcrumb\"},\"inLanguage\":\"de\",\"potentialAction\":[{\"@type\":\"ReadAction\",\"target\":[\"https:\/\/trockenbau-hiller.de\/?page_id=159\"]}]},{\"@type\":\"BreadcrumbList\",\"@id\":\"https:\/\/trockenbau-hiller.de\/?page_id=159#breadcrumb\",\"itemListElement\":[{\"@type\":\"ListItem\",\"position\":1,\"name\":\"Startseite\",\"item\":\"https:\/\/trockenbau-hiller.de\/\"},{\"@type\":\"ListItem\",\"position\":2,\"name\":\"Jobs\"}]},{\"@type\":\"WebSite\",\"@id\":\"https:\/\/trockenbau-hiller.de\/#website\",\"url\":\"https:\/\/trockenbau-hiller.de\/\",\"name\":\"Hiller - Trockenbau Branschutz Bauelemente\",\"description\":\"Trockenbau Leipzig\",\"potentialAction\":[{\"@type\":\"SearchAction\",\"target\":{\"@type\":\"EntryPoint\",\"urlTemplate\":\"https:\/\/trockenbau-hiller.de\/?s={search_term_string}\"},\"query-input\":{\"@type\":\"PropertyValueSpecification\",\"valueRequired\":true,\"valueName\":\"search_term_string\"}}],\"inLanguage\":\"de\"}]}<\/script>\n<!-- \/ Yoast SEO plugin. -->","yoast_head_json":{"title":"Karriere bei Trockenbau Hiller - Aktuelle Jobangebote","description":"Beginnen Sie eine spannende Karriere bei Trockenbau Hiller. Entdecken Sie aktuelle Jobangebote. Erfahren Sie mehr auf unserer Webseite!","robots":{"index":"index","follow":"follow","max-snippet":"max-snippet:-1","max-image-preview":"max-image-preview:large","max-video-preview":"max-video-preview:-1"},"canonical":"https:\/\/trockenbau-hiller.de\/?page_id=159","og_locale":"de_DE","og_type":"article","og_title":"Karriere bei Trockenbau Hiller - Aktuelle Jobangebote","og_description":"Beginnen Sie eine spannende Karriere bei Trockenbau Hiller. Entdecken Sie aktuelle Jobangebote. Erfahren Sie mehr auf unserer Webseite!","og_url":"https:\/\/trockenbau-hiller.de\/?page_id=159","og_site_name":"Hiller - Trockenbau Branschutz Bauelemente","article_modified_time":"2023-06-16T14:27:55+00:00","twitter_card":"summary_large_image","twitter_misc":{"Gesch\u00e4tzte Lesezeit":"4\u00a0Minuten"},"schema":{"@context":"https:\/\/schema.org","@graph":[{"@type":"WebPage","@id":"https:\/\/trockenbau-hiller.de\/?page_id=159","url":"https:\/\/trockenbau-hiller.de\/?page_id=159","name":"Karriere bei Trockenbau Hiller - Aktuelle Jobangebote","isPartOf":{"@id":"https:\/\/trockenbau-hiller.de\/#website"},"datePublished":"2023-03-15T07:29:04+00:00","dateModified":"2023-06-16T14:27:55+00:00","description":"Beginnen Sie eine spannende Karriere bei Trockenbau Hiller. Entdecken Sie aktuelle Jobangebote. Erfahren Sie mehr auf unserer Webseite!","breadcrumb":{"@id":"https:\/\/trockenbau-hiller.de\/?page_id=159#breadcrumb"},"inLanguage":"de","potentialAction":[{"@type":"ReadAction","target":["https:\/\/trockenbau-hiller.de\/?page_id=159"]}]},{"@type":"BreadcrumbList","@id":"https:\/\/trockenbau-hiller.de\/?page_id=159#breadcrumb","itemListElement":[{"@type":"ListItem","position":1,"name":"Startseite","item":"https:\/\/trockenbau-hiller.de\/"},{"@type":"ListItem","position":2,"name":"Jobs"}]},{"@type":"WebSite","@id":"https:\/\/trockenbau-hiller.de\/#website","url":"https:\/\/trockenbau-hiller.de\/","name":"Hiller - Trockenbau Branschutz Bauelemente","description":"Trockenbau Leipzig","potentialAction":[{"@type":"SearchAction","target":{"@type":"EntryPoint","urlTemplate":"https:\/\/trockenbau-hiller.de\/?s={search_term_string}"},"query-input":{"@type":"PropertyValueSpecification","valueRequired":true,"valueName":"search_term_string"}}],"inLanguage":"de"}]}},"_links":{"self":[{"href":"https:\/\/trockenbau-hiller.de\/index.php?rest_route=\/wp\/v2\/pages\/159","targetHints":{"allow":["GET"]}}],"collection":[{"href":"https:\/\/trockenbau-hiller.de\/index.php?rest_route=\/wp\/v2\/pages"}],"about":[{"href":"https:\/\/trockenbau-hiller.de\/index.php?rest_route=\/wp\/v2\/types\/page"}],"author":[{"embeddable":true,"href":"https:\/\/trockenbau-hiller.de\/index.php?rest_route=\/wp\/v2\/users\/1"}],"replies":[{"embeddable":true,"href":"https:\/\/trockenbau-hiller.de\/index.php?rest_route=%2Fwp%2Fv2%2Fcomments&post=159"}],"version-history":[{"count":3,"href":"https:\/\/trockenbau-hiller.de\/index.php?rest_route=\/wp\/v2\/pages\/159\/revisions"}],"predecessor-version":[{"id":291,"href":"https:\/\/trockenbau-hiller.de\/index.php?rest_route=\/wp\/v2\/pages\/159\/revisions\/291"}],"wp:attachment":[{"href":"https:\/\/trockenbau-hiller.de\/index.php?rest_route=%2Fwp%2Fv2%2Fmedia&parent=159"}],"curies":[{"name":"wp","href":"https:\/\/api.w.org\/{rel}","templated":true}]}}