{"id":9,"date":"2023-01-19T08:02:31","date_gmt":"2023-01-19T07:02:31","guid":{"rendered":"https:\/\/trockenbau-hiller.de\/?page_id=9"},"modified":"2023-06-16T17:25:33","modified_gmt":"2023-06-16T15:25:33","slug":"adm","status":"publish","type":"page","link":"https:\/\/trockenbau-hiller.de\/","title":{"rendered":"Hiller \u2013 Trockenbau, Brandschutz, Bauelemente"},"content":{"rendered":"<p>[et_pb_section fb_built=&#8220;1&#8243; _builder_version=&#8220;4.20.4&#8243; _module_preset=&#8220;default&#8220; use_background_color_gradient=&#8220;on&#8220; background_color_gradient_direction=&#8220;126deg&#8220; background_color_gradient_stops=&#8220;rgba(226,0,0,0.58) 65%|rgba(78,65,62,0.83) 100%&#8220; background_color_gradient_overlays_image=&#8220;on&#8220; background_image=&#8220;https:\/\/trockenbau-hiller.de\/wp-content\/uploads\/2023\/03\/Projekt-D4.jpg&#8220; height_tablet=&#8220;&#8220; height_phone=&#8220;&#8220; height_last_edited=&#8220;on|phone&#8220; display_conditions=&#8220;W10=&#8220; custom_padding=&#8220;140px||140px||true|false&#8220; background_last_edited=&#8220;on|desktop&#8220; box_shadow_style=&#8220;preset6&#8243; global_colors_info=&#8220;{}&#8220; theme_builder_area=&#8220;post_content&#8220;][et_pb_row _builder_version=&#8220;4.17.4&#8243; _module_preset=&#8220;ece513ff-fd21-463d-82d8-b1c9534b31a8&#8243; global_colors_info=&#8220;{}&#8220; theme_builder_area=&#8220;post_content&#8220;][et_pb_column type=&#8220;4_4&#8243; _builder_version=&#8220;4.17.4&#8243; _module_preset=&#8220;default&#8220; global_colors_info=&#8220;{}&#8220; theme_builder_area=&#8220;post_content&#8220;][\/et_pb_column][\/et_pb_row][\/et_pb_section][et_pb_section fb_built=&#8220;1&#8243; _builder_version=&#8220;4.19.4&#8243; _module_preset=&#8220;default&#8220; background_enable_color=&#8220;off&#8220; custom_padding=&#8220;30px||30px||true|false&#8220; global_colors_info=&#8220;{}&#8220; theme_builder_area=&#8220;post_content&#8220;][et_pb_row column_structure=&#8220;1_4,1_4,1_4,1_4&#8243; use_custom_gutter=&#8220;on&#8220; gutter_width=&#8220;2&#8243; make_equal=&#8220;on&#8220; _builder_version=&#8220;4.20.4&#8243; _module_preset=&#8220;_initial&#8220; global_colors_info=&#8220;{}&#8220; theme_builder_area=&#8220;post_content&#8220;][et_pb_column type=&#8220;1_4&#8243; _builder_version=&#8220;4.19.4&#8243; _module_preset=&#8220;1e529317-6884-494d-9755-adbfe8428cc9&#8243; link_option_url=&#8220;https:\/\/trockenbau-hiller.de\/leistungen\/akustik-und-schallschutz\/&#8220; global_colors_info=&#8220;{}&#8220; theme_builder_area=&#8220;post_content&#8220;][et_pb_image src=&#8220;https:\/\/trockenbau-hiller.de\/wp-content\/uploads\/2023\/03\/Projekt-H5.jpg&#8220; title_text=&#8220;17&#8243; _builder_version=&#8220;4.20.4&#8243; _module_preset=&#8220;b154dc00-f4a5-4e84-ae5b-475ecbc0efb3&#8243; custom_margin=&#8220;||0px||false|false&#8220; image_aspect_ratio=&#8220;16\/9&#8243; global_colors_info=&#8220;{}&#8220; theme_builder_area=&#8220;post_content&#8220;][\/et_pb_image][et_pb_image src=&#8220;https:\/\/trockenbau-hiller.de\/wp-content\/uploads\/2023\/03\/Element-Logo.png&#8220; title_text=&#8220;Element-Logo&#8220; admin_label=&#8220;Logo&#8220; _builder_version=&#8220;4.20.4&#8243; _module_preset=&#8220;efdeaf5f-1975-47ac-87e4-85fd87f923ef&#8220; global_colors_info=&#8220;{}&#8220; theme_builder_area=&#8220;post_content&#8220;][\/et_pb_image][et_pb_text _builder_version=&#8220;4.20.4&#8243; _module_preset=&#8220;f98b4526-1681-43cb-b300-f3db44647c83&#8243; global_colors_info=&#8220;{}&#8220; theme_builder_area=&#8220;post_content&#8220;]<\/p>\n<h3>Akustik und Schallschutz<\/h3>\n<p>[\/et_pb_text][\/et_pb_column][et_pb_column type=&#8220;1_4&#8243; _builder_version=&#8220;4.19.4&#8243; _module_preset=&#8220;1e529317-6884-494d-9755-adbfe8428cc9&#8243; link_option_url=&#8220;https:\/\/trockenbau-hiller.de\/leistungen\/buero-ladenbau\/&#8220; global_colors_info=&#8220;{}&#8220; theme_builder_area=&#8220;post_content&#8220;][et_pb_image src=&#8220;https:\/\/trockenbau-hiller.de\/wp-content\/uploads\/2023\/03\/Innenraum.jpg&#8220; title_text=&#8220;10&#8243; _builder_version=&#8220;4.20.4&#8243; _module_preset=&#8220;b154dc00-f4a5-4e84-ae5b-475ecbc0efb3&#8243; custom_margin=&#8220;||0px||false|false&#8220; image_aspect_ratio=&#8220;16\/9&#8243; global_colors_info=&#8220;{}&#8220; theme_builder_area=&#8220;post_content&#8220;][\/et_pb_image][et_pb_image src=&#8220;https:\/\/trockenbau-hiller.de\/wp-content\/uploads\/2023\/03\/Element-Logo.png&#8220; title_text=&#8220;Element-Logo&#8220; admin_label=&#8220;Logo&#8220; _builder_version=&#8220;4.20.4&#8243; _module_preset=&#8220;efdeaf5f-1975-47ac-87e4-85fd87f923ef&#8220; global_colors_info=&#8220;{}&#8220; theme_builder_area=&#8220;post_content&#8220;][\/et_pb_image][et_pb_text _builder_version=&#8220;4.20.4&#8243; _module_preset=&#8220;f98b4526-1681-43cb-b300-f3db44647c83&#8243; global_colors_info=&#8220;{}&#8220; theme_builder_area=&#8220;post_content&#8220;]<\/p>\n<h3>B\u00fcro- &amp; Ladenbau<\/h3>\n<p>[\/et_pb_text][\/et_pb_column][et_pb_column type=&#8220;1_4&#8243; _builder_version=&#8220;4.19.4&#8243; _module_preset=&#8220;1e529317-6884-494d-9755-adbfe8428cc9&#8243; link_option_url=&#8220;https:\/\/trockenbau-hiller.de\/leistungen\/sanierung-modernisierung\/&#8220; global_colors_info=&#8220;{}&#8220; theme_builder_area=&#8220;post_content&#8220;][et_pb_image src=&#8220;https:\/\/trockenbau-hiller.de\/wp-content\/uploads\/2023\/06\/HILLER-TROCKENBAU-Sanierung-Modernisierung-700&#215;382-1.jpeg&#8220; title_text=&#8220;HILLER-TROCKENBAU-Sanierung-Modernisierung-700&#215;382&#8243; _builder_version=&#8220;4.20.4&#8243; _module_preset=&#8220;b154dc00-f4a5-4e84-ae5b-475ecbc0efb3&#8243; custom_margin=&#8220;||0px||false|false&#8220; image_aspect_ratio=&#8220;16\/9&#8243; global_colors_info=&#8220;{}&#8220; theme_builder_area=&#8220;post_content&#8220;][\/et_pb_image][et_pb_image src=&#8220;https:\/\/trockenbau-hiller.de\/wp-content\/uploads\/2023\/03\/Element-Logo.png&#8220; title_text=&#8220;Element-Logo&#8220; admin_label=&#8220;Logo&#8220; _builder_version=&#8220;4.20.4&#8243; _module_preset=&#8220;efdeaf5f-1975-47ac-87e4-85fd87f923ef&#8220; global_colors_info=&#8220;{}&#8220; theme_builder_area=&#8220;post_content&#8220;][\/et_pb_image][et_pb_text _builder_version=&#8220;4.20.4&#8243; _module_preset=&#8220;f98b4526-1681-43cb-b300-f3db44647c83&#8243; global_colors_info=&#8220;{}&#8220; theme_builder_area=&#8220;post_content&#8220;]<\/p>\n<h3>Sanierung &amp; Modernisierung<\/h3>\n<p>[\/et_pb_text][\/et_pb_column][et_pb_column type=&#8220;1_4&#8243; _builder_version=&#8220;4.19.4&#8243; _module_preset=&#8220;1e529317-6884-494d-9755-adbfe8428cc9&#8243; link_option_url=&#8220;https:\/\/trockenbau-hiller.de\/leistungen\/brandschutz-bauelemente\/&#8220; global_colors_info=&#8220;{}&#8220; theme_builder_area=&#8220;post_content&#8220;][et_pb_image src=&#8220;https:\/\/trockenbau-hiller.de\/wp-content\/uploads\/2023\/03\/Projekt-H9.jpg&#8220; title_text=&#8220;13&#8243; _builder_version=&#8220;4.20.4&#8243; _module_preset=&#8220;b154dc00-f4a5-4e84-ae5b-475ecbc0efb3&#8243; custom_margin=&#8220;||0px||false|false&#8220; image_aspect_ratio=&#8220;16\/9&#8243; global_colors_info=&#8220;{}&#8220; theme_builder_area=&#8220;post_content&#8220;][\/et_pb_image][et_pb_image src=&#8220;https:\/\/trockenbau-hiller.de\/wp-content\/uploads\/2023\/03\/Element-Logo.png&#8220; title_text=&#8220;Element-Logo&#8220; admin_label=&#8220;Logo&#8220; _builder_version=&#8220;4.20.4&#8243; _module_preset=&#8220;efdeaf5f-1975-47ac-87e4-85fd87f923ef&#8220; global_colors_info=&#8220;{}&#8220; theme_builder_area=&#8220;post_content&#8220;][\/et_pb_image][et_pb_text _builder_version=&#8220;4.19.4&#8243; _module_preset=&#8220;f98b4526-1681-43cb-b300-f3db44647c83&#8243; global_colors_info=&#8220;{}&#8220; theme_builder_area=&#8220;post_content&#8220;]<\/p>\n<h3>BRANDSCHUTZ &#038; BAUELEMENTE<\/h3>\n<p>[\/et_pb_text][\/et_pb_column][\/et_pb_row][\/et_pb_section][et_pb_section fb_built=&#8220;1&#8243; _builder_version=&#8220;4.19.4&#8243; _module_preset=&#8220;default&#8220; custom_padding=&#8220;0px||24px||false|false&#8220; global_colors_info=&#8220;{}&#8220; theme_builder_area=&#8220;post_content&#8220;][et_pb_row _builder_version=&#8220;4.19.4&#8243; _module_preset=&#8220;default&#8220; custom_padding=&#8220;||10px|||&#8220; global_colors_info=&#8220;{}&#8220; theme_builder_area=&#8220;post_content&#8220;][et_pb_column type=&#8220;4_4&#8243; _builder_version=&#8220;4.19.4&#8243; _module_preset=&#8220;default&#8220; global_colors_info=&#8220;{}&#8220; theme_builder_area=&#8220;post_content&#8220;][et_pb_text _builder_version=&#8220;4.20.4&#8243; _module_preset=&#8220;637e9e69-3fcc-4b84-a886-305909b230bc&#8220; hover_enabled=&#8220;0&#8243; global_colors_info=&#8220;{%22gcid-e755efca-f93f-4267-ba63-741e3e9e0600%22:%91%22header_text_color%22%93}&#8220; theme_builder_area=&#8220;post_content&#8220; sticky_enabled=&#8220;0&#8243;]<\/p>\n<h2>Hiller \u2013 Ihr Trockenbauer f\u00fcr die Region Leipzig und Mitteldeutschland<\/h2>\n<div class=\"subheadline\">Trockenbau ist das Kerngewerk des Innenausbaus: Ob B\u00fcrosanierung, Ladenumbau, Altbausanierung oder Brandschutz-, Akustik- und Schallschutzarbeiten \u00a0\u2013 Wir sind Ihr kompetenter und zuverl\u00e4ssiger Ansprechpartner aus Leipzig f\u00fcr Sachsen, die Region und deutschlandweit.<\/div>\n<p>[\/et_pb_text][\/et_pb_column][\/et_pb_row][\/et_pb_section][et_pb_section fb_built=&#8220;1&#8243; _builder_version=&#8220;4.19.4&#8243; _module_preset=&#8220;default&#8220; background_color=&#8220;#F9F9F9&#8243; custom_padding=&#8220;12px||10px|||&#8220; collapsed=&#8220;off&#8220; global_colors_info=&#8220;{}&#8220; theme_builder_area=&#8220;post_content&#8220;][et_pb_row use_custom_gutter=&#8220;on&#8220; gutter_width=&#8220;2&#8243; _builder_version=&#8220;4.19.4&#8243; _module_preset=&#8220;7388c327-e763-44b6-b126-087bb3ea2bfb&#8220; background_enable_color=&#8220;off&#8220; width=&#8220;98%&#8220; width_tablet=&#8220;96%&#8220; width_phone=&#8220;93%&#8220; width_last_edited=&#8220;on|phone&#8220; max_width=&#8220;100%&#8220; module_alignment=&#8220;center&#8220; custom_margin=&#8220;20px||0px||false|false&#8220; custom_padding=&#8220;20px||20px||true|false&#8220; global_colors_info=&#8220;{}&#8220; theme_builder_area=&#8220;post_content&#8220;][et_pb_column type=&#8220;4_4&#8243; _builder_version=&#8220;4.17.3&#8243; _module_preset=&#8220;default&#8220; global_colors_info=&#8220;{}&#8220; theme_builder_area=&#8220;post_content&#8220;][et_pb_text _builder_version=&#8220;4.20.4&#8243; _module_preset=&#8220;default&#8220; text_orientation=&#8220;center&#8220; custom_margin=&#8220;||3px|||&#8220; global_colors_info=&#8220;{}&#8220; theme_builder_area=&#8220;post_content&#8220;]<\/p>\n<h2>Bau Eindr\u00fccke<\/h2>\n<p>[\/et_pb_text][dsm_image_carousel gallery_ids=&#8220;131,132,134,135,136&#8243; slider_effect=&#8220;coverflow&#8220; slider_effect_shadows=&#8220;on&#8220; slider_effect_coverflow_depth=&#8220;423&#8243; centered_slides=&#8220;on&#8220; slide_to_show=&#8220;3&#8243; arrows=&#8220;off&#8220; show_lightbox=&#8220;on&#8220; show_lightbox_gallery=&#8220;on&#8220; _builder_version=&#8220;4.19.4&#8243; _module_preset=&#8220;default&#8220; custom_margin=&#8220;||0px||false|false&#8220; custom_padding=&#8220;0px||||false|false&#8220; animation_style=&#8220;fade&#8220; animation_delay=&#8220;300ms&#8220; global_colors_info=&#8220;{}&#8220; theme_builder_area=&#8220;post_content&#8220;][\/dsm_image_carousel][et_pb_button button_url=&#8220;https:\/\/trockenbau-hiller.de\/referenzen&#8220; button_text=&#8220;Zu unseren Referenzen&#8220; button_alignment=&#8220;center&#8220; _builder_version=&#8220;4.19.4&#8243; _module_preset=&#8220;default&#8220; custom_margin=&#8220;30px||||false|false&#8220; global_colors_info=&#8220;{}&#8220; theme_builder_area=&#8220;post_content&#8220;][\/et_pb_button][\/et_pb_column][\/et_pb_row][\/et_pb_section][et_pb_section fb_built=&#8220;1&#8243; _builder_version=&#8220;4.19.4&#8243; _module_preset=&#8220;default&#8220; background_color=&#8220;#e8e8e8&#8243; background_enable_image=&#8220;off&#8220; background_size=&#8220;initial&#8220; background_repeat=&#8220;repeat&#8220; background_blend=&#8220;multiply&#8220; display_conditions=&#8220;W10=&#8220; custom_margin=&#8220;||-20px||false|false&#8220; custom_padding=&#8220;30px|0px|30px|0px|true|false&#8220; global_colors_info=&#8220;{}&#8220; theme_builder_area=&#8220;post_content&#8220;][et_pb_row _builder_version=&#8220;4.17.1&#8243; _module_preset=&#8220;896b407d-58e9-43a8-a667-d3b1ef85f5f4&#8243; global_colors_info=&#8220;{}&#8220; theme_builder_area=&#8220;post_content&#8220;][et_pb_column type=&#8220;4_4&#8243; _builder_version=&#8220;4.17.1&#8243; _module_preset=&#8220;default&#8220; global_colors_info=&#8220;{}&#8220; theme_builder_area=&#8220;post_content&#8220;][et_pb_text _builder_version=&#8220;4.19.4&#8243; _module_preset=&#8220;637e9e69-3fcc-4b84-a886-305909b230bc&#8220; text_font=&#8220;Tilt Warp|||on|||||&#8220; text_text_color=&#8220;gcid-e755efca-f93f-4267-ba63-741e3e9e0600&#8243; text_font_size=&#8220;36px&#8220; header_3_text_align=&#8220;center&#8220; header_3_font_size=&#8220;33px&#8220; text_orientation=&#8220;center&#8220; global_colors_info=&#8220;{%22gcid-e755efca-f93f-4267-ba63-741e3e9e0600%22:%91%22header_text_color%22,%22header_2_text_color%22,%22text_text_color%22%93,%22gcid-46652cec-e860-4093-bebe-e7b3624a3361%22:%91%22header_4_text_color%22,%22header_5_text_color%22,%22header_2_text_color%22,%22header_4_text_color%22,%22header_5_text_color%22,%22header_2_text_color%22,%22header_4_text_color%22,%22header_5_text_color%22,%22header_2_text_color%22,%22header_4_text_color%22,%22header_5_text_color%22,%22header_2_text_color%22%93}&#8220; theme_builder_area=&#8220;post_content&#8220;]Unsere Partner[\/et_pb_text][difl_imagegallery image_to_display=&#8220;5&#8243; layout_mode=&#8220;fitRows&#8220; item_gutter=&#8220;24px&#8220; image_to_display_tablet=&#8220;3&#8243; image_to_display_phone=&#8220;2&#8243; image_to_display_last_edited=&#8220;on|desktop&#8220; _builder_version=&#8220;4.20.4&#8243; _module_preset=&#8220;default&#8220; border_width_all_image=&#8220;25px&#8220; border_color_all_image=&#8220;#FFFFFF&#8220; global_colors_info=&#8220;{}&#8220; theme_builder_area=&#8220;post_content&#8220;][difl_imagegalleryitem gallery_title=&#8220;Marken&#8220; gallery_ids=&#8220;61,62,63,64,65,66,67,68,69,70&#8243; _builder_version=&#8220;4.20.4&#8243; _module_preset=&#8220;default&#8220; global_colors_info=&#8220;{}&#8220; theme_builder_area=&#8220;post_content&#8220;][\/difl_imagegalleryitem][\/difl_imagegallery][\/et_pb_column][\/et_pb_row][\/et_pb_section]<\/p>\n","protected":false},"excerpt":{"rendered":"<p>Akustik und SchallschutzB\u00fcro- &amp; LadenbauSanierung &amp; ModernisierungBRANDSCHUTZ &#038; BAUELEMENTEHiller \u2013 Ihr Trockenbauer f\u00fcr die Region Leipzig und Mitteldeutschland Trockenbau ist das Kerngewerk des Innenausbaus: Ob B\u00fcrosanierung, Ladenumbau, Altbausanierung oder Brandschutz-, Akustik- und Schallschutzarbeiten \u00a0\u2013 Wir sind Ihr kompetenter und zuverl\u00e4ssiger Ansprechpartner aus Leipzig f\u00fcr Sachsen, die Region und deutschlandweit.Bau Eindr\u00fccke<div class=\"et_pb_module dsm_image_carousel dsm_image_carousel_0  dsm_image_carousel_arrow_outside dsm_image_carousel_arrow_mobile_inside \">\n\t\t\t\t\n\t\t\t\t\n\t\t\t\t\n\t\t\t\t\n\t\t\t\t\n\t\t\t\t\n\t\t\t\t<div class=\"et_pb_module_inner\">\n\t\t\t\t\t<div class=\"swiper-container dsm_image_carousel_container\" dir=\"ltr\" data-effect=\"&#8220;coverflow&#8220;\"\n\t\t\tdata-slider-effect-shadows=\"true\"\n\t\t\tdata-slider-effect-coverflow-rotate=\"30\"\n\t\t\tdata-slider-effect-coverflow-depth=\"&#8220;423&#8243;\"\n\t\t\tdata-loop=\"true\"\n\t\t\tdata-slide-to-show=\"4\"\n\t\t\tdata-slide-to-show-tablet=\"1\"\n\t\t\tdata-slide-to-show-phone=\"1\"\n\t\t\tdata-slide-to-scroll=\"1\"\n\t\t\tdata-slide-to-scroll-tablet=\"1\"\n\t\t\tdata-slide-to-scroll-phone=\"1\"\n\t\t\tdata-space-between=\"15\"\n\t\t\tdata-space-between-tablet=\"15\"\n\t\t\tdata-space-between-phone=\"15\"\n\t\t\tdata-slide-row=\"1\"\n\t\t\tdata-centered-slides=\"true\"\n\t\t\tdata-speed=\"300\"\n\t\t\tdata-autoplay=\"true\"\n\t\t\tdata-autoplay-speed=\"3000\"\n\t\t\tdata-touch-move=\"true\"\n\t\t\tdata-grab=\"true\"\n\t\t\tdata-pause-on-hover=\"false\"\n\t\t\tdata-show-lightbox=\"false\"\n\t\t\tdata-lightbox-gallery=\"false\"\n\t\t\tdata-lightbox-caption=\"false\"\n\t\t\tdata-infinite-scrolling=\"false\"\n\t\t\t><div class=\"swiper-wrapper\"><div class=\"swiper-slide dsm_image_carousel_item\"><img loading=\"lazy\" decoding=\"async\" src=\"https:\/\/trockenbau-hiller.de\/wp-content\/uploads\/2023\/03\/Projekt-H4.jpg\" alt=\"\" title=\"18\" width=\"2000\" height=\"1125\" data-dsm-image-description=\"\" srcset=\"https:\/\/trockenbau-hiller.de\/wp-content\/uploads\/2023\/03\/Projekt-H4.jpg 2000w, https:\/\/trockenbau-hiller.de\/wp-content\/uploads\/2023\/03\/Projekt-H4-1280x720.jpg 1280w, https:\/\/trockenbau-hiller.de\/wp-content\/uploads\/2023\/03\/Projekt-H4-980x551.jpg 980w, https:\/\/trockenbau-hiller.de\/wp-content\/uploads\/2023\/03\/Projekt-H4-480x270.jpg 480w\" sizes=\"auto, (min-width: 0px) and (max-width: 480px) 480px, (min-width: 481px) and (max-width: 980px) 980px, (min-width: 981px) and (max-width: 1280px) 1280px, (min-width: 1281px) 2000px, 100vw\" class=\"swiper-lazy\" \/><\/div><div class=\"swiper-slide dsm_image_carousel_item\"><img loading=\"lazy\" decoding=\"async\" src=\"https:\/\/trockenbau-hiller.de\/wp-content\/uploads\/2023\/03\/Projekt-H6.jpg\" alt=\"\" title=\"16\" width=\"2000\" height=\"1500\" data-dsm-image-description=\"\" srcset=\"https:\/\/trockenbau-hiller.de\/wp-content\/uploads\/2023\/03\/Projekt-H6.jpg 2000w, https:\/\/trockenbau-hiller.de\/wp-content\/uploads\/2023\/03\/Projekt-H6-1280x960.jpg 1280w, https:\/\/trockenbau-hiller.de\/wp-content\/uploads\/2023\/03\/Projekt-H6-980x735.jpg 980w, https:\/\/trockenbau-hiller.de\/wp-content\/uploads\/2023\/03\/Projekt-H6-480x360.jpg 480w\" sizes=\"auto, (min-width: 0px) and (max-width: 480px) 480px, (min-width: 481px) and (max-width: 980px) 980px, (min-width: 981px) and (max-width: 1280px) 1280px, (min-width: 1281px) 2000px, 100vw\" class=\"swiper-lazy\" \/><\/div><div class=\"swiper-slide dsm_image_carousel_item\"><img loading=\"lazy\" decoding=\"async\" src=\"https:\/\/trockenbau-hiller.de\/wp-content\/uploads\/2023\/03\/Projekt-H7.jpg\" alt=\"\" title=\"15\" width=\"2000\" height=\"1500\" data-dsm-image-description=\"DCIM100GOPROGOPR0626.JPG\" srcset=\"https:\/\/trockenbau-hiller.de\/wp-content\/uploads\/2023\/03\/Projekt-H7.jpg 2000w, https:\/\/trockenbau-hiller.de\/wp-content\/uploads\/2023\/03\/Projekt-H7-1280x960.jpg 1280w, https:\/\/trockenbau-hiller.de\/wp-content\/uploads\/2023\/03\/Projekt-H7-980x735.jpg 980w, https:\/\/trockenbau-hiller.de\/wp-content\/uploads\/2023\/03\/Projekt-H7-480x360.jpg 480w\" sizes=\"auto, (min-width: 0px) and (max-width: 480px) 480px, (min-width: 481px) and (max-width: 980px) 980px, (min-width: 981px) and (max-width: 1280px) 1280px, (min-width: 1281px) 2000px, 100vw\" class=\"swiper-lazy\" \/><\/div><div class=\"swiper-slide dsm_image_carousel_item\"><img loading=\"lazy\" decoding=\"async\" src=\"https:\/\/trockenbau-hiller.de\/wp-content\/uploads\/2023\/03\/Projekt-H8.jpg\" alt=\"\" title=\"14\" width=\"2000\" height=\"1333\" data-dsm-image-description=\"\" srcset=\"https:\/\/trockenbau-hiller.de\/wp-content\/uploads\/2023\/03\/Projekt-H8.jpg 2000w, https:\/\/trockenbau-hiller.de\/wp-content\/uploads\/2023\/03\/Projekt-H8-1280x853.jpg 1280w, https:\/\/trockenbau-hiller.de\/wp-content\/uploads\/2023\/03\/Projekt-H8-980x653.jpg 980w, https:\/\/trockenbau-hiller.de\/wp-content\/uploads\/2023\/03\/Projekt-H8-480x320.jpg 480w\" sizes=\"auto, (min-width: 0px) and (max-width: 480px) 480px, (min-width: 481px) and (max-width: 980px) 980px, (min-width: 981px) and (max-width: 1280px) 1280px, (min-width: 1281px) 2000px, 100vw\" class=\"swiper-lazy\" \/><\/div><\/div><\/div><div class=\"swiper-button-prev\"><\/div><div class=\"swiper-button-next\"><\/div><div class=\"swiper-pagination\"><\/div>\n\t\t\t\t<\/div>\n\t\t\t<\/div><\/p>\n","protected":false},"author":1,"featured_media":0,"parent":0,"menu_order":0,"comment_status":"closed","ping_status":"closed","template":"","meta":{"_acf_changed":false,"_et_pb_use_builder":"on","_et_pb_old_content":"","_et_gb_content_width":"","footnotes":""},"class_list":["post-9","page","type-page","status-publish","hentry"],"acf":[],"yoast_head":"<!-- This site is optimized with the Yoast SEO plugin v26.7 - https:\/\/yoast.com\/wordpress\/plugins\/seo\/ -->\n<title>Hiller: Ihr Trockenbauer f\u00fcr Leipzig und Sachsen<\/title>\n<meta name=\"description\" content=\"Hiller: Ihr Spezialist f\u00fcr Trockenbau in Leipzig. Expertise in B\u00fcrosanierung und mehr. Kontaktieren Sie uns!\" \/>\n<meta name=\"robots\" content=\"index, follow, max-snippet:-1, max-image-preview:large, max-video-preview:-1\" \/>\n<link rel=\"canonical\" href=\"https:\/\/trockenbau-hiller.de\/\" \/>\n<meta property=\"og:locale\" content=\"de_DE\" \/>\n<meta property=\"og:type\" content=\"article\" \/>\n<meta property=\"og:title\" content=\"Hiller: Ihr Trockenbauer f\u00fcr Leipzig und Sachsen\" \/>\n<meta property=\"og:description\" content=\"Hiller: Ihr Spezialist f\u00fcr Trockenbau in Leipzig. Expertise in B\u00fcrosanierung und mehr. Kontaktieren Sie uns!\" \/>\n<meta property=\"og:url\" content=\"https:\/\/trockenbau-hiller.de\/\" \/>\n<meta property=\"og:site_name\" content=\"Hiller - Trockenbau Branschutz Bauelemente\" \/>\n<meta property=\"article:modified_time\" content=\"2023-06-16T15:25:33+00:00\" \/>\n<meta name=\"twitter:card\" content=\"summary_large_image\" \/>\n<meta name=\"twitter:label1\" content=\"Gesch\u00e4tzte Lesezeit\" \/>\n\t<meta name=\"twitter:data1\" content=\"7\u00a0Minuten\" \/>\n<script type=\"application\/ld+json\" class=\"yoast-schema-graph\">{\"@context\":\"https:\/\/schema.org\",\"@graph\":[{\"@type\":\"WebPage\",\"@id\":\"https:\/\/trockenbau-hiller.de\/\",\"url\":\"https:\/\/trockenbau-hiller.de\/\",\"name\":\"Hiller: Ihr Trockenbauer f\u00fcr Leipzig und Sachsen\",\"isPartOf\":{\"@id\":\"https:\/\/trockenbau-hiller.de\/#website\"},\"datePublished\":\"2023-01-19T07:02:31+00:00\",\"dateModified\":\"2023-06-16T15:25:33+00:00\",\"description\":\"Hiller: Ihr Spezialist f\u00fcr Trockenbau in Leipzig. Expertise in B\u00fcrosanierung und mehr. Kontaktieren Sie uns!\",\"breadcrumb\":{\"@id\":\"https:\/\/trockenbau-hiller.de\/#breadcrumb\"},\"inLanguage\":\"de\",\"potentialAction\":[{\"@type\":\"ReadAction\",\"target\":[\"https:\/\/trockenbau-hiller.de\/\"]}]},{\"@type\":\"BreadcrumbList\",\"@id\":\"https:\/\/trockenbau-hiller.de\/#breadcrumb\",\"itemListElement\":[{\"@type\":\"ListItem\",\"position\":1,\"name\":\"Startseite\",\"item\":\"https:\/\/trockenbau-hiller.de\/\"},{\"@type\":\"ListItem\",\"position\":2,\"name\":\"Hiller \u2013 Trockenbau, Brandschutz, Bauelemente\"}]},{\"@type\":\"WebSite\",\"@id\":\"https:\/\/trockenbau-hiller.de\/#website\",\"url\":\"https:\/\/trockenbau-hiller.de\/\",\"name\":\"Hiller - Trockenbau Branschutz Bauelemente\",\"description\":\"Trockenbau Leipzig\",\"potentialAction\":[{\"@type\":\"SearchAction\",\"target\":{\"@type\":\"EntryPoint\",\"urlTemplate\":\"https:\/\/trockenbau-hiller.de\/?s={search_term_string}\"},\"query-input\":{\"@type\":\"PropertyValueSpecification\",\"valueRequired\":true,\"valueName\":\"search_term_string\"}}],\"inLanguage\":\"de\"}]}<\/script>\n<!-- \/ Yoast SEO plugin. -->","yoast_head_json":{"title":"Hiller: Ihr Trockenbauer f\u00fcr Leipzig und Sachsen","description":"Hiller: Ihr Spezialist f\u00fcr Trockenbau in Leipzig. Expertise in B\u00fcrosanierung und mehr. Kontaktieren Sie uns!","robots":{"index":"index","follow":"follow","max-snippet":"max-snippet:-1","max-image-preview":"max-image-preview:large","max-video-preview":"max-video-preview:-1"},"canonical":"https:\/\/trockenbau-hiller.de\/","og_locale":"de_DE","og_type":"article","og_title":"Hiller: Ihr Trockenbauer f\u00fcr Leipzig und Sachsen","og_description":"Hiller: Ihr Spezialist f\u00fcr Trockenbau in Leipzig. Expertise in B\u00fcrosanierung und mehr. Kontaktieren Sie uns!","og_url":"https:\/\/trockenbau-hiller.de\/","og_site_name":"Hiller - Trockenbau Branschutz Bauelemente","article_modified_time":"2023-06-16T15:25:33+00:00","twitter_card":"summary_large_image","twitter_misc":{"Gesch\u00e4tzte Lesezeit":"7\u00a0Minuten"},"schema":{"@context":"https:\/\/schema.org","@graph":[{"@type":"WebPage","@id":"https:\/\/trockenbau-hiller.de\/","url":"https:\/\/trockenbau-hiller.de\/","name":"Hiller: Ihr Trockenbauer f\u00fcr Leipzig und Sachsen","isPartOf":{"@id":"https:\/\/trockenbau-hiller.de\/#website"},"datePublished":"2023-01-19T07:02:31+00:00","dateModified":"2023-06-16T15:25:33+00:00","description":"Hiller: Ihr Spezialist f\u00fcr Trockenbau in Leipzig. Expertise in B\u00fcrosanierung und mehr. Kontaktieren Sie uns!","breadcrumb":{"@id":"https:\/\/trockenbau-hiller.de\/#breadcrumb"},"inLanguage":"de","potentialAction":[{"@type":"ReadAction","target":["https:\/\/trockenbau-hiller.de\/"]}]},{"@type":"BreadcrumbList","@id":"https:\/\/trockenbau-hiller.de\/#breadcrumb","itemListElement":[{"@type":"ListItem","position":1,"name":"Startseite","item":"https:\/\/trockenbau-hiller.de\/"},{"@type":"ListItem","position":2,"name":"Hiller \u2013 Trockenbau, Brandschutz, Bauelemente"}]},{"@type":"WebSite","@id":"https:\/\/trockenbau-hiller.de\/#website","url":"https:\/\/trockenbau-hiller.de\/","name":"Hiller - Trockenbau Branschutz Bauelemente","description":"Trockenbau Leipzig","potentialAction":[{"@type":"SearchAction","target":{"@type":"EntryPoint","urlTemplate":"https:\/\/trockenbau-hiller.de\/?s={search_term_string}"},"query-input":{"@type":"PropertyValueSpecification","valueRequired":true,"valueName":"search_term_string"}}],"inLanguage":"de"}]}},"_links":{"self":[{"href":"https:\/\/trockenbau-hiller.de\/index.php?rest_route=\/wp\/v2\/pages\/9","targetHints":{"allow":["GET"]}}],"collection":[{"href":"https:\/\/trockenbau-hiller.de\/index.php?rest_route=\/wp\/v2\/pages"}],"about":[{"href":"https:\/\/trockenbau-hiller.de\/index.php?rest_route=\/wp\/v2\/types\/page"}],"author":[{"embeddable":true,"href":"https:\/\/trockenbau-hiller.de\/index.php?rest_route=\/wp\/v2\/users\/1"}],"replies":[{"embeddable":true,"href":"https:\/\/trockenbau-hiller.de\/index.php?rest_route=%2Fwp%2Fv2%2Fcomments&post=9"}],"version-history":[{"count":5,"href":"https:\/\/trockenbau-hiller.de\/index.php?rest_route=\/wp\/v2\/pages\/9\/revisions"}],"predecessor-version":[{"id":564,"href":"https:\/\/trockenbau-hiller.de\/index.php?rest_route=\/wp\/v2\/pages\/9\/revisions\/564"}],"wp:attachment":[{"href":"https:\/\/trockenbau-hiller.de\/index.php?rest_route=%2Fwp%2Fv2%2Fmedia&parent=9"}],"curies":[{"name":"wp","href":"https:\/\/api.w.org\/{rel}","templated":true}]}}